{"id":632,"date":"2018-08-31T11:32:42","date_gmt":"2018-08-31T09:32:42","guid":{"rendered":"https:\/\/freecross.ch\/freecross\/"},"modified":"2018-09-01T14:54:02","modified_gmt":"2018-09-01T12:54:02","slug":"freecross","status":"publish","type":"page","link":"https:\/\/freecross.ch\/de\/","title":{"rendered":"FreeCross"},"content":{"rendered":"<p>[et_pb_section bb_built=&#8220;1&#8243; admin_label=&#8220;Hero Section&#8220; _builder_version=&#8220;3.12.2&#8243; use_background_color_gradient=&#8220;on&#8220; background_color_gradient_start=&#8220;rgba(0,0,0,0.39)&#8220; background_color_gradient_end=&#8220;rgba(0,0,0,0)&#8220; background_color_gradient_overlays_image=&#8220;on&#8220; background_image=&#8220;https:\/\/cdn.freecross.ch\/wp-content\/uploads\/2018\/08\/RM82773_pp_s.jpg&#8220; custom_padding=&#8220;10%||26%|&#8220; next_background_color=&#8220;#ffffff&#8220; background_position=&#8220;center_left&#8220; background_color_gradient_end_position=&#8220;50%&#8220; custom_padding_tablet=&#8220;25%||50%|&#8220; custom_padding_last_edited=&#8220;on|phone&#8220; custom_padding_phone=&#8220;30%||50%|&#8220;][et_pb_row _builder_version=&#8220;3.12.2&#8243; background_size=&#8220;initial&#8220; background_position=&#8220;top_left&#8220; background_repeat=&#8220;repeat&#8220;][et_pb_column type=&#8220;4_4&#8243;][et_pb_text admin_label=&#8220;Title&#8220; background_layout=&#8220;dark&#8220; _builder_version=&#8220;3.12.2&#8243; text_font=&#8220;Quattrocento||||||||&#8220; text_font_size=&#8220;64px&#8220; text_line_height=&#8220;1.4em&#8220; header_font=&#8220;Quattrocento||||||||&#8220; header_text_align=&#8220;center&#8220; header_font_size=&#8220;64px&#8220; header_font_size_last_edited=&#8220;on|phone&#8220; header_letter_spacing=&#8220;3px&#8220; header_line_height=&#8220;1.4em&#8220; text_orientation=&#8220;center&#8220; max_width=&#8220;800px&#8220; module_alignment=&#8220;center&#8220; animation_style=&#8220;slide&#8220; animation_direction=&#8220;top&#8220; animation_intensity_slide=&#8220;3%&#8220; animation_starting_opacity=&#8220;100%&#8220; text_font_size_last_edited=&#8220;on|tablet&#8220; text_font_size_tablet=&#8220;40px&#8220; header_font_size_phone=&#8220;40px&#8220;]<\/p>\n<h1>Der Outdoor Crosstrainer<\/h1>\n<p>[\/et_pb_text][et_pb_button button_text=&#8220;Buchen Sie Ihre Kurse&#8220; button_alignment=&#8220;center&#8220; background_layout=&#8220;dark&#8220; _builder_version=&#8220;3.12.2&#8243; custom_margin=&#8220;|||&#8220; custom_button=&#8220;on&#8220; button_text_size=&#8220;16px&#8220; button_bg_color=&#8220;rgba(147,183,134,0)&#8220; button_border_color=&#8220;#ffffff&#8220; button_border_radius=&#8220;0px&#8220; button_letter_spacing=&#8220;3px&#8220; button_font=&#8220;Nunito Sans|700||on|||||&#8220; button_icon=&#8220;%%3%%&#8220; animation_style=&#8220;slide&#8220; animation_direction=&#8220;top&#8220; animation_intensity_slide=&#8220;3%&#8220; animation_starting_opacity=&#8220;100%&#8220; button_use_icon=&#8220;off&#8220; button_text_color_hover=&#8220;#000000&#8243; button_bg_color_hover=&#8220;#ffffff&#8220; button_border_color_hover=&#8220;#ffffff&#8220; button_letter_spacing_hover=&#8220;3&#8243; module_id=&#8220;et_pb_button_custom&#8220; button_url=&#8220;https:\/\/freecross.ch\/de\/buchung\/&#8220; \/][\/et_pb_column][\/et_pb_row][\/et_pb_section][et_pb_section bb_built=&#8220;1&#8243; admin_label=&#8220;Feature Section&#8220; _builder_version=&#8220;3.12.2&#8243; background_position=&#8220;center_right&#8220; max_width=&#8220;88%&#8220; custom_margin=&#8220;-2%|||&#8220; custom_padding=&#8220;200px||200px|&#8220; animation_style=&#8220;slide&#8220; animation_direction=&#8220;left&#8220; animation_intensity_slide=&#8220;2%&#8220; animation_starting_opacity=&#8220;100%&#8220; box_shadow_style=&#8220;preset3&#8243; box_shadow_vertical=&#8220;80px&#8220; box_shadow_blur=&#8220;80px&#8220; box_shadow_spread=&#8220;-60px&#8220; box_shadow_color=&#8220;rgba(63,63,31,0.3)&#8220; prev_background_color=&#8220;#000000&#8243; next_background_color=&#8220;#000000&#8243; background_color=&#8220;#ffffff&#8220; max_width_tablet=&#8220;100%&#8220; max_width_last_edited=&#8220;on|tablet&#8220; custom_padding_tablet=&#8220;150px||50px|&#8220; custom_padding_last_edited=&#8220;on|tablet&#8220;][et_pb_row use_custom_width=&#8220;on&#8220; width_unit=&#8220;off&#8220; custom_width_percent=&#8220;90%&#8220; _builder_version=&#8220;3.12.2&#8243; custom_padding_last_edited=&#8220;off|tablet&#8220; custom_margin_tablet=&#8220;-100px|||&#8220; custom_margin_last_edited=&#8220;on|tablet&#8220;][et_pb_column type=&#8220;1_2&#8243;][et_pb_video _builder_version=&#8220;3.12.2&#8243; src=&#8220;https:\/\/vimeo.com\/163166194&#8243; \/][\/et_pb_column][et_pb_column type=&#8220;1_2&#8243;][et_pb_text _builder_version=&#8220;3.12.2&#8243; text_font=&#8220;Quattrocento||||||||&#8220; text_font_size=&#8220;18px&#8220; text_line_height=&#8220;1em&#8220; animation_style=&#8220;slide&#8220; animation_direction=&#8220;left&#8220; animation_duration=&#8220;1400ms&#8220; animation_delay=&#8220;100ms&#8220; animation_intensity_slide=&#8220;6%&#8220; custom_padding=&#8220;15%|||&#8220; text_line_height_last_edited=&#8220;off|desktop&#8220; custom_padding_tablet=&#8220;20px|||&#8220; custom_padding_last_edited=&#8220;on|tablet&#8220; header_font_size_tablet=&#8220;32px&#8220; header_font_size_last_edited=&#8220;on|tablet&#8220; header_font_size=&#8220;48px&#8220; header_2_font_size=&#8220;48px&#8220; header_2_font_size_tablet=&#8220;32px&#8220; header_2_font_size_last_edited=&#8220;on|tablet&#8220; header_3_font_size=&#8220;32px&#8220; header_3_font_size_tablet=&#8220;26px&#8220; header_3_font_size_last_edited=&#8220;on|tablet&#8220; module_id=&#8220;et_pb_text_1_custom&#8220; header_3_line_height=&#8220;2.5em&#8220; header_3_line_height_tablet=&#8220;2em&#8220; header_3_line_height_last_edited=&#8220;on|tablet&#8220;]<\/p>\n<h2 style=\"text-align: center;\">Verbinden Sie die Vorteile eines hochwertigen Crosstrainers mit den Vorz\u00fcgen der Natur.<\/h2>\n<p>[\/et_pb_text][et_pb_text _builder_version=&#8220;3.12.2&#8243; text_font=&#8220;Quattrocento||||||||&#8220; text_font_size=&#8220;18px&#8220; text_line_height=&#8220;1em&#8220; animation_style=&#8220;slide&#8220; animation_direction=&#8220;left&#8220; animation_duration=&#8220;1400ms&#8220; animation_delay=&#8220;100ms&#8220; animation_intensity_slide=&#8220;6%&#8220; text_line_height_last_edited=&#8220;off|desktop&#8220; custom_padding_tablet=&#8220;20px|||&#8220; custom_padding_last_edited=&#8220;off|desktop&#8220; header_font_size_tablet=&#8220;32px&#8220; header_font_size_last_edited=&#8220;on|tablet&#8220; header_font_size=&#8220;48px&#8220; header_2_font_size=&#8220;48px&#8220; header_2_font_size_tablet=&#8220;32px&#8220; header_2_font_size_last_edited=&#8220;on|tablet&#8220; header_3_font_size=&#8220;32px&#8220; header_3_font_size_tablet=&#8220;26px&#8220; header_3_font_size_last_edited=&#8220;on|tablet&#8220; module_id=&#8220;et_pb_text_1_custom&#8220; header_3_line_height_tablet=&#8220;2em&#8220; header_3_line_height_last_edited=&#8220;off|tablet&#8220; header_3_line_height=&#8220;1.1em&#8220;]<\/p>\n<h3 style=\"text-align: center;\">Finden Sie Vergn\u00fcgens Ihre Muskulatur zu verst\u00e4rken weil auch Ihre Artikulationen zu sch\u00fctzen<\/h3>\n<p>[\/et_pb_text][\/et_pb_column][\/et_pb_row][\/et_pb_section][et_pb_section bb_built=&#8220;1&#8243; specialty=&#8220;off&#8220; prev_background_color=&#8220;#000000&#8243; next_background_color=&#8220;#000000&#8243; _builder_version=&#8220;3.12.2&#8243; custom_margin=&#8220;5%|||&#8220;][et_pb_row][et_pb_column type=&#8220;4_4&#8243;][et_pb_gallery _builder_version=&#8220;3.12.2&#8243; gallery_ids=&#8220;94,93,92,89,88,86,83,85,84,91,87,90&#8243; posts_number=&#8220;12&#8243; show_title_and_caption=&#8220;off&#8220; show_pagination=&#8220;off&#8220; zoom_icon_color=&#8220;#2ea3f2&#8243; hover_overlay_color=&#8220;rgba(255,255,255,0.9)&#8220; \/][\/et_pb_column][\/et_pb_row][\/et_pb_section][et_pb_section bb_built=&#8220;1&#8243; admin_label=&#8220;Featured Collections Section&#8220; _builder_version=&#8220;3.12.2&#8243; custom_padding=&#8220;0px||120px|&#8220; prev_background_color=&#8220;#000000&#8243; custom_padding_last_edited=&#8220;on|tablet&#8220; custom_margin_tablet=&#8220;-100px|||&#8220; custom_margin_last_edited=&#8220;on|phone&#8220; custom_margin=&#8220;-50px|||&#8220; custom_margin_phone=&#8220;-50px|||&#8220;][et_pb_row _builder_version=&#8220;3.12.2&#8243;][et_pb_column type=&#8220;4_4&#8243;][et_pb_button button_text=&#8220;Jetzt bestellen mit R\u00fcckgabegarantie*&#8220; button_alignment=&#8220;center&#8220; _builder_version=&#8220;3.12.2&#8243; custom_margin=&#8220;|||&#8220; custom_button=&#8220;on&#8220; button_bg_color=&#8220;rgba(147,183,134,0)&#8220; button_border_color=&#8220;#000000&#8243; button_font=&#8220;Nunito Sans|700||on|||||&#8220; button_icon=&#8220;%%3%%&#8220; animation_style=&#8220;slide&#8220; animation_direction=&#8220;top&#8220; animation_intensity_slide=&#8220;3%&#8220; animation_starting_opacity=&#8220;100%&#8220; button_use_icon=&#8220;off&#8220; button_text_color_hover=&#8220;#ffffff&#8220; button_bg_color_hover=&#8220;#000000&#8243; button_border_color_hover=&#8220;#000000&#8243; button_text_color=&#8220;#000000&#8243; custom_padding=&#8220;5px|10px|5px|10px&#8220; module_id=&#8220;et_pb_button_custom&#8220; button_url=&#8220;\/shop&#8220; \/][et_pb_divider _builder_version=&#8220;3.12.2&#8243; show_divider=&#8220;off&#8220; \/][et_pb_text _builder_version=&#8220;3.12.2&#8243; custom_margin_phone=&#8220;||30px|&#8220; custom_margin_last_edited=&#8220;on|phone&#8220;]<\/p>\n<p><strong>*R\u00fcckgabegarantie<\/strong>: sollte wider Erwarten der FreeCross nicht Ihren Vorstellungen entsprechen, k\u00f6nnen Sie uns das Ger\u00e4t innerhalb 14 Tagen ab Kauf wieder zur\u00fcckgeben und wir erstatten Ihnen den vollen Kaufpreis.<\/p>\n<p>[\/et_pb_text][\/et_pb_column][\/et_pb_row][et_pb_row custom_padding=&#8220;|||&#8220; custom_margin=&#8220;20px|||&#8220; _builder_version=&#8220;3.0.105&#8243;][et_pb_column type=&#8220;1_2&#8243;][et_pb_text _builder_version=&#8220;3.12.2&#8243;]<\/p>\n<p><strong>Verbrennen Sie bis zu 1000 kcal\/Stunde<\/strong><\/p>\n<p>Mit dem FreeCross trainieren Sie effektiv alle Muskelbereiche: Arme, Schultern, Brust, Bauch, R\u00fccken, Po und Beine. Durch die flie\u00dfende elliptische Schrittbewegung werden die Gelenke nur gering belastet, daher ist der FreeCross auch bei Gelenkproblemen ideal f\u00fcr ein schonendes Training geeignet.<\/p>\n<p>&nbsp;<\/p>\n<p><strong>Top Qualit\u00e4t bei einfacher Bedienung<br \/>\n<\/strong><\/p>\n<p>Der FreeCross wird sofort einsatzf\u00e4hig ausgeliefert. Da wir auf Basis eines sorgf\u00e4ltig per Hand geschwei\u00dften Rahmens aus hochfestem 7020er Aluminium zur Montage nur hochwertige und handels\u00fcbliche Fahrradkomponenten verwenden, l\u00e4uft der FreeCross tausende von Kilometern st\u00f6rungsfrei. Auch verl\u00e4uft die Wartung dadurch v\u00f6llig problemlos.<\/p>\n<p>[\/et_pb_text][\/et_pb_column][et_pb_column type=&#8220;1_2&#8243;][et_pb_text _builder_version=&#8220;3.12.2&#8243;]<\/p>\n<p><strong>Technische Details<\/strong><\/p>\n<p>&nbsp;<\/p>\n<ul>\n<li>Handgefertigt in Deutschland<\/li>\n<li>Stabiler and ultraleichter All-Terrain EN-AW7020 Aluminiumrahmen<\/li>\n<li>NUVINCI &#8211; Nabenschaltung mit stufenlos w\u00e4hlbarer \u00dcbersetzung im Bereich von 360\u00b0<\/li>\n<li>Patentierte Lenkungs-D\u00e4mpfer-Technologie f\u00fcr aktives &#8222;Street Carving&#8220;<\/li>\n<li>Hydraulische synchron auf beide Vorderr\u00e4der wirkende TEKTRO Scheibenbremsen<\/li>\n<li>Gro\u00dfz\u00fcgig dimensionierte SHIMANO Rollenbremse hinten<\/li>\n<li>Mit Feststellbremse gegen unbeabsichtigtes Wegrollen<\/li>\n<li>Widerstandsf\u00e4hige 20&#8243; und 24&#8243; Schwalbe\u00ae Big Apple Bereifung mit reflektierenden Seitenstreifen<\/li>\n<li>Handgriffe nun um 130 mm h\u00f6henverstellbar zur Anpassung an jede K\u00f6rpergr\u00f6\u00dfe von 140 bis 200cm<\/li>\n<li>lntegrierte Glocke<\/li>\n<li>Schutzblech hinten serienm\u00e4\u00dfig<\/li>\n<li>Aerodynamisches Design Front-Cover<\/li>\n<li>10 Jahre Garantie auf den Rahmen<\/li>\n<li>Zur Teilnahme am \u00f6ffentlichen Stra\u00dfenverkehr zugelassen<\/li>\n<li>Leicht zusammenklappbar f\u00fcr Transport\/Lagerung<\/li>\n<li>Ma\u00dfe: L\u00e4nge 188 cm, Spurweite 63 cm, H\u00f6he 150-163 cm (h\u00f6henverstellbar)<\/li>\n<li>Ma\u00dfe zusammengeklappt: L\u00e4nge 163 cm, Breite 68 cm, H\u00f6he 68 cm<\/li>\n<li>Gewicht: 27 kg<\/li>\n<li>Belastbar bis 125 kg<\/li>\n<li>Umfangreiches Zubeh\u00f6r lieferba <strong>als option<\/strong>: Indoor Rollentrainer, Vorderschutzbleche f\u00fcr &#8220;All-Weather&#8220;-Nutzung, Trinkflasche, Lichtset (vorne\/hinten}, Gep\u00e4cktrager<\/li>\n<li>Preis: 3.290,00 CHF (45mn Einf\u00fchrungssitzung eingeschlossen)<\/li>\n<\/ul>\n<p>[\/et_pb_text][\/et_pb_column][\/et_pb_row][et_pb_row][et_pb_column type=&#8220;4_4&#8243;][et_pb_text _builder_version=&#8220;3.12.2&#8243;]<\/p>\n<p style=\"text-align: center;\">Um Sie FreeCross entdecken zu lassen, arrangieren wir gerne eine Probefahrt in Etoy.<\/p>\n<p>[\/et_pb_text][et_pb_button button_text=&#8220;Unverbindliche Probefahrt&#8220; button_alignment=&#8220;center&#8220; _builder_version=&#8220;3.12.2&#8243; custom_margin=&#8220;|||&#8220; custom_button=&#8220;on&#8220; button_bg_color=&#8220;rgba(147,183,134,0)&#8220; button_border_color=&#8220;#000000&#8243; button_font=&#8220;Nunito Sans|700||on|||||&#8220; button_icon=&#8220;%%3%%&#8220; animation_style=&#8220;slide&#8220; animation_direction=&#8220;top&#8220; animation_intensity_slide=&#8220;3%&#8220; animation_starting_opacity=&#8220;100%&#8220; button_use_icon=&#8220;off&#8220; button_text_color_hover=&#8220;#ffffff&#8220; button_bg_color_hover=&#8220;#000000&#8243; button_border_color_hover=&#8220;#000000&#8243; button_text_color=&#8220;#000000&#8243; custom_padding=&#8220;5px|10px|5px|10px&#8220; module_id=&#8220;et_pb_button_custom&#8220; button_url=&#8220;https:\/\/freecross.ch\/de\/probefahrt\/&#8220; \/][\/et_pb_column][\/et_pb_row][\/et_pb_section]<\/p>\n","protected":false},"excerpt":{"rendered":"<p>Der Outdoor Crosstrainer Verbinden Sie die Vorteile eines hochwertigen Crosstrainers mit den Vorz\u00fcgen der Natur. Finden Sie Vergn\u00fcgens Ihre Muskulatur zu verst\u00e4rken weil auch Ihre Artikulationen zu sch\u00fctzen <div class=\"et_pb_row et_pb_row_0 et_pb_row_empty\">\n\t\t\t\t\n\t\t\t\t\n\t\t\t\t\n\t\t\t\t\n\t\t\t\t\n\t\t\t<\/div> *R\u00fcckgabegarantie: sollte wider Erwarten der FreeCross nicht Ihren Vorstellungen entsprechen, k\u00f6nnen Sie uns das Ger\u00e4t innerhalb 14 Tagen ab Kauf wieder zur\u00fcckgeben und wir erstatten Ihnen [&hellip;]<\/p>\n","protected":false},"author":1,"featured_media":0,"parent":0,"menu_order":0,"comment_status":"closed","ping_status":"closed","template":"","meta":{"_et_pb_use_builder":"on","_et_pb_old_content":"","_et_gb_content_width":"","_monsterinsights_skip_tracking":false,"_monsterinsights_sitenote_active":false,"_monsterinsights_sitenote_note":"","_monsterinsights_sitenote_category":0},"yoast_head":"<!-- This site is optimized with the Yoast SEO plugin v19.6 - https:\/\/yoast.com\/wordpress\/plugins\/seo\/ -->\n<title>FreeCross - Der Outdoor Crosstrainer<\/title>\n<meta name=\"description\" content=\"FreeCross, die L\u00f6sung f\u00fcr sanfte Beweglichkeit die mehr als 1&#039;000 Kalorien pro Stundenzu verbrennen erlaubt , weil ihre Artikulationen sind schonend\" \/>\n<meta name=\"robots\" content=\"index, follow, max-snippet:-1, max-image-preview:large, max-video-preview:-1\" \/>\n<link rel=\"canonical\" href=\"https:\/\/freecross.ch\/de\/\" \/>\n<meta property=\"og:locale\" content=\"de_DE\" \/>\n<meta property=\"og:type\" content=\"article\" \/>\n<meta property=\"og:title\" content=\"FreeCross - Der Outdoor Crosstrainer\" \/>\n<meta property=\"og:description\" content=\"FreeCross, die L\u00f6sung f\u00fcr sanfte Beweglichkeit die mehr als 1&#039;000 Kalorien pro Stundenzu verbrennen erlaubt , weil ihre Artikulationen sind schonend\" \/>\n<meta property=\"og:url\" content=\"https:\/\/freecross.ch\/de\/\" \/>\n<meta property=\"og:site_name\" content=\"FreeCross\" \/>\n<meta property=\"article:publisher\" content=\"https:\/\/www.facebook.com\/FreeCross.suisse\" \/>\n<meta property=\"article:modified_time\" content=\"2018-09-01T12:54:02+00:00\" \/>\n<meta name=\"twitter:card\" content=\"summary_large_image\" \/>\n<meta name=\"twitter:label1\" content=\"Gesch\u00e4tzte Lesezeit\" \/>\n\t<meta name=\"twitter:data1\" content=\"7\u00a0Minuten\" \/>\n<script type=\"application\/ld+json\" class=\"yoast-schema-graph\">{\"@context\":\"https:\/\/schema.org\",\"@graph\":[{\"@type\":\"WebPage\",\"@id\":\"https:\/\/freecross.ch\/de\/\",\"url\":\"https:\/\/freecross.ch\/de\/\",\"name\":\"FreeCross - Der Outdoor Crosstrainer\",\"isPartOf\":{\"@id\":\"https:\/\/freecross.ch\/#website\"},\"datePublished\":\"2018-08-31T09:32:42+00:00\",\"dateModified\":\"2018-09-01T12:54:02+00:00\",\"description\":\"FreeCross, die L\u00f6sung f\u00fcr sanfte Beweglichkeit die mehr als 1'000 Kalorien pro Stundenzu verbrennen erlaubt , weil ihre Artikulationen sind schonend\",\"breadcrumb\":{\"@id\":\"https:\/\/freecross.ch\/de\/#breadcrumb\"},\"inLanguage\":\"de\",\"potentialAction\":[{\"@type\":\"ReadAction\",\"target\":[\"https:\/\/freecross.ch\/de\/\"]}]},{\"@type\":\"BreadcrumbList\",\"@id\":\"https:\/\/freecross.ch\/de\/#breadcrumb\",\"itemListElement\":[{\"@type\":\"ListItem\",\"position\":1,\"name\":\"Accueil\",\"item\":\"https:\/\/freecross.ch\/de\/\"},{\"@type\":\"ListItem\",\"position\":2,\"name\":\"FreeCross\"}]},{\"@type\":\"WebSite\",\"@id\":\"https:\/\/freecross.ch\/#website\",\"url\":\"https:\/\/freecross.ch\/\",\"name\":\"FreeCross\",\"description\":\"Le crosstrainer en toute libert\u00e9\",\"publisher\":{\"@id\":\"https:\/\/freecross.ch\/#organization\"},\"potentialAction\":[{\"@type\":\"SearchAction\",\"target\":{\"@type\":\"EntryPoint\",\"urlTemplate\":\"https:\/\/freecross.ch\/?s={search_term_string}\"},\"query-input\":\"required name=search_term_string\"}],\"inLanguage\":\"de\"},{\"@type\":\"Organization\",\"@id\":\"https:\/\/freecross.ch\/#organization\",\"name\":\"FreeCross\",\"url\":\"https:\/\/freecross.ch\/\",\"sameAs\":[\"https:\/\/www.facebook.com\/FreeCross.suisse\"],\"logo\":{\"@type\":\"ImageObject\",\"inLanguage\":\"de\",\"@id\":\"https:\/\/freecross.ch\/#\/schema\/logo\/image\/\",\"url\":\"https:\/\/cdn.freecross.ch\/wp-content\/uploads\/2018\/08\/static1.squarespace.com_.png\",\"contentUrl\":\"https:\/\/cdn.freecross.ch\/wp-content\/uploads\/2018\/08\/static1.squarespace.com_.png\",\"width\":730,\"height\":114,\"caption\":\"FreeCross\"},\"image\":{\"@id\":\"https:\/\/freecross.ch\/#\/schema\/logo\/image\/\"}}]}<\/script>\n<!-- \/ Yoast SEO plugin. -->","yoast_head_json":{"title":"FreeCross - Der Outdoor Crosstrainer","description":"FreeCross, die L\u00f6sung f\u00fcr sanfte Beweglichkeit die mehr als 1'000 Kalorien pro Stundenzu verbrennen erlaubt , weil ihre Artikulationen sind schonend","robots":{"index":"index","follow":"follow","max-snippet":"max-snippet:-1","max-image-preview":"max-image-preview:large","max-video-preview":"max-video-preview:-1"},"canonical":"https:\/\/freecross.ch\/de\/","og_locale":"de_DE","og_type":"article","og_title":"FreeCross - Der Outdoor Crosstrainer","og_description":"FreeCross, die L\u00f6sung f\u00fcr sanfte Beweglichkeit die mehr als 1'000 Kalorien pro Stundenzu verbrennen erlaubt , weil ihre Artikulationen sind schonend","og_url":"https:\/\/freecross.ch\/de\/","og_site_name":"FreeCross","article_publisher":"https:\/\/www.facebook.com\/FreeCross.suisse","article_modified_time":"2018-09-01T12:54:02+00:00","twitter_card":"summary_large_image","twitter_misc":{"Gesch\u00e4tzte Lesezeit":"7\u00a0Minuten"},"schema":{"@context":"https:\/\/schema.org","@graph":[{"@type":"WebPage","@id":"https:\/\/freecross.ch\/de\/","url":"https:\/\/freecross.ch\/de\/","name":"FreeCross - Der Outdoor Crosstrainer","isPartOf":{"@id":"https:\/\/freecross.ch\/#website"},"datePublished":"2018-08-31T09:32:42+00:00","dateModified":"2018-09-01T12:54:02+00:00","description":"FreeCross, die L\u00f6sung f\u00fcr sanfte Beweglichkeit die mehr als 1'000 Kalorien pro Stundenzu verbrennen erlaubt , weil ihre Artikulationen sind schonend","breadcrumb":{"@id":"https:\/\/freecross.ch\/de\/#breadcrumb"},"inLanguage":"de","potentialAction":[{"@type":"ReadAction","target":["https:\/\/freecross.ch\/de\/"]}]},{"@type":"BreadcrumbList","@id":"https:\/\/freecross.ch\/de\/#breadcrumb","itemListElement":[{"@type":"ListItem","position":1,"name":"Accueil","item":"https:\/\/freecross.ch\/de\/"},{"@type":"ListItem","position":2,"name":"FreeCross"}]},{"@type":"WebSite","@id":"https:\/\/freecross.ch\/#website","url":"https:\/\/freecross.ch\/","name":"FreeCross","description":"Le crosstrainer en toute libert\u00e9","publisher":{"@id":"https:\/\/freecross.ch\/#organization"},"potentialAction":[{"@type":"SearchAction","target":{"@type":"EntryPoint","urlTemplate":"https:\/\/freecross.ch\/?s={search_term_string}"},"query-input":"required name=search_term_string"}],"inLanguage":"de"},{"@type":"Organization","@id":"https:\/\/freecross.ch\/#organization","name":"FreeCross","url":"https:\/\/freecross.ch\/","sameAs":["https:\/\/www.facebook.com\/FreeCross.suisse"],"logo":{"@type":"ImageObject","inLanguage":"de","@id":"https:\/\/freecross.ch\/#\/schema\/logo\/image\/","url":"https:\/\/cdn.freecross.ch\/wp-content\/uploads\/2018\/08\/static1.squarespace.com_.png","contentUrl":"https:\/\/cdn.freecross.ch\/wp-content\/uploads\/2018\/08\/static1.squarespace.com_.png","width":730,"height":114,"caption":"FreeCross"},"image":{"@id":"https:\/\/freecross.ch\/#\/schema\/logo\/image\/"}}]}},"amp_enabled":false,"_links":{"self":[{"href":"https:\/\/freecross.ch\/de\/wp-json\/wp\/v2\/pages\/632"}],"collection":[{"href":"https:\/\/freecross.ch\/de\/wp-json\/wp\/v2\/pages"}],"about":[{"href":"https:\/\/freecross.ch\/de\/wp-json\/wp\/v2\/types\/page"}],"author":[{"embeddable":true,"href":"https:\/\/freecross.ch\/de\/wp-json\/wp\/v2\/users\/1"}],"replies":[{"embeddable":true,"href":"https:\/\/freecross.ch\/de\/wp-json\/wp\/v2\/comments?post=632"}],"version-history":[{"count":2,"href":"https:\/\/freecross.ch\/de\/wp-json\/wp\/v2\/pages\/632\/revisions"}],"predecessor-version":[{"id":651,"href":"https:\/\/freecross.ch\/de\/wp-json\/wp\/v2\/pages\/632\/revisions\/651"}],"wp:attachment":[{"href":"https:\/\/freecross.ch\/de\/wp-json\/wp\/v2\/media?parent=632"}],"curies":[{"name":"wp","href":"https:\/\/api.w.org\/{rel}","templated":true}]}}