{"id":634,"date":"2018-08-31T11:38:56","date_gmt":"2018-08-31T09:38:56","guid":{"rendered":"https:\/\/freecross.ch\/buchung\/"},"modified":"2018-10-04T14:47:48","modified_gmt":"2018-10-04T12:47:48","slug":"buchung","status":"publish","type":"page","link":"https:\/\/freecross.ch\/de\/buchung\/","title":{"rendered":"Buchung"},"content":{"rendered":"<p>[et_pb_section bb_built=&#8220;1&#8243; _builder_version=&#8220;3.12.2&#8243; background_image=&#8220;https:\/\/cdn.freecross.ch\/wp-content\/uploads\/2018\/08\/RM82610_pp-soft.jpg&#8220; background_position=&#8220;center_left&#8220; next_background_color=&#8220;#ffffff&#8220;][et_pb_row _builder_version=&#8220;3.12.2&#8243;][et_pb_column type=&#8220;4_4&#8243;][et_pb_post_title _builder_version=&#8220;3.12.2&#8243; title_text_color=&#8220;#ffffff&#8220; meta=&#8220;off&#8220; featured_image=&#8220;off&#8220; title_font_size=&#8220;64px&#8220; title_font_size_phone=&#8220;40px&#8220; title_font_size_last_edited=&#8220;on|phone&#8220; \/][\/et_pb_column][\/et_pb_row][\/et_pb_section][et_pb_section bb_built=&#8220;1&#8243; specialty=&#8220;off&#8220; prev_background_color=&#8220;#000000&#8243; _builder_version=&#8220;3.12.2&#8243; custom_padding=&#8220;||80px|&#8220;][et_pb_row _builder_version=&#8220;3.12.2&#8243;][et_pb_column type=&#8220;4_4&#8243;][et_pb_text _builder_version=&#8220;3.12.2&#8243; header_2_font_size=&#8220;48px&#8220; custom_margin=&#8220;||50px|&#8220; header_2_font_size_tablet=&#8220;32px&#8220; header_2_font_size_last_edited=&#8220;on|phone&#8220;]<\/p>\n<h2>W\u00fcnschen Sie eine Einf\u00fchrungssitzung zu reservieren?<br \/>\nEin private Kurs?<\/h2>\n<p>[\/et_pb_text][et_pb_pricing_tables _builder_version=&#8220;3.12.2&#8243; show_bullet=&#8220;off&#8220; header_font_size=&#8220;48&#8243; header_font_size_tablet=&#8220;32&#8243; header_font_size_last_edited=&#8220;on|desktop&#8220;][et_pb_pricing_table _builder_version=&#8220;3.12.2&#8243; title=&#8220;Einf\u00fchrungssitzung&#8220; currency=&#8220;CHF&#8220; sum=&#8220;55&#8243; use_background_color_gradient=&#8220;off&#8220; background_color_gradient_start=&#8220;#2b87da&#8220; background_color_gradient_end=&#8220;#29c4a9&#8243; background_color_gradient_type=&#8220;linear&#8220; background_color_gradient_direction=&#8220;180deg&#8220; background_color_gradient_direction_radial=&#8220;center&#8220; background_color_gradient_start_position=&#8220;0%&#8220; background_color_gradient_end_position=&#8220;100%&#8220; background_color_gradient_overlays_image=&#8220;off&#8220; parallax=&#8220;off&#8220; parallax_method=&#8220;on&#8220; background_size=&#8220;cover&#8220; background_position=&#8220;center&#8220; background_repeat=&#8220;no-repeat&#8220; background_blend=&#8220;normal&#8220; allow_player_pause=&#8220;off&#8220; background_video_pause_outside_viewport=&#8220;on&#8220; featured=&#8220;off&#8220; text_shadow_style=&#8220;none&#8220; header_text_shadow_style=&#8220;none&#8220; body_text_shadow_style=&#8220;none&#8220; subheader_text_shadow_style=&#8220;none&#8220; currency_frequency_text_shadow_style=&#8220;none&#8220; price_text_shadow_style=&#8220;none&#8220; custom_button=&#8220;off&#8220; button_bg_use_color_gradient=&#8220;off&#8220; button_bg_color_gradient_overlays_image=&#8220;off&#8220; button_use_icon=&#8220;on&#8220; button_on_hover=&#8220;on&#8220; button_text_shadow_style=&#8220;none&#8220; box_shadow_style_button=&#8220;none&#8220; box_shadow_style=&#8220;none&#8220; subtitle=&#8220;Dauer: 45mn&#8220; text_shadow_horizontal_length=&#8220;0em&#8220; text_shadow_vertical_length=&#8220;0em&#8220; text_shadow_blur_strength=&#8220;0em&#8220; header_text_shadow_horizontal_length=&#8220;0em&#8220; header_text_shadow_vertical_length=&#8220;0em&#8220; header_text_shadow_blur_strength=&#8220;0em&#8220; body_text_shadow_horizontal_length=&#8220;0em&#8220; body_text_shadow_vertical_length=&#8220;0em&#8220; body_text_shadow_blur_strength=&#8220;0em&#8220; subheader_text_shadow_horizontal_length=&#8220;0em&#8220; subheader_text_shadow_vertical_length=&#8220;0em&#8220; subheader_text_shadow_blur_strength=&#8220;0em&#8220; currency_frequency_text_shadow_horizontal_length=&#8220;0em&#8220; currency_frequency_text_shadow_vertical_length=&#8220;0em&#8220; currency_frequency_text_shadow_blur_strength=&#8220;0em&#8220; price_text_shadow_horizontal_length=&#8220;0em&#8220; price_text_shadow_vertical_length=&#8220;0em&#8220; price_text_shadow_blur_strength=&#8220;0em&#8220; button_text_shadow_horizontal_length=&#8220;0em&#8220; button_text_shadow_vertical_length=&#8220;0em&#8220; button_text_shadow_blur_strength=&#8220;0em&#8220; per=&#8220;statt 75.- (Startpreis)&#8220; \/][et_pb_pricing_table _builder_version=&#8220;3.12.2&#8243; title=&#8220;Private Kurs &#8220; subtitle=&#8220;Dauer: 1Std&#8220; currency=&#8220;CHF&#8220; sum=&#8220;75&#8243; use_background_color_gradient=&#8220;off&#8220; background_color_gradient_start=&#8220;#2b87da&#8220; background_color_gradient_end=&#8220;#29c4a9&#8243; background_color_gradient_type=&#8220;linear&#8220; background_color_gradient_direction=&#8220;180deg&#8220; background_color_gradient_direction_radial=&#8220;center&#8220; background_color_gradient_start_position=&#8220;0%&#8220; background_color_gradient_end_position=&#8220;100%&#8220; background_color_gradient_overlays_image=&#8220;off&#8220; parallax=&#8220;off&#8220; parallax_method=&#8220;on&#8220; background_size=&#8220;cover&#8220; background_position=&#8220;center&#8220; background_repeat=&#8220;no-repeat&#8220; background_blend=&#8220;normal&#8220; allow_player_pause=&#8220;off&#8220; background_video_pause_outside_viewport=&#8220;on&#8220; featured=&#8220;off&#8220; text_shadow_style=&#8220;none&#8220; header_text_shadow_style=&#8220;none&#8220; body_text_shadow_style=&#8220;none&#8220; subheader_text_shadow_style=&#8220;none&#8220; currency_frequency_text_shadow_style=&#8220;none&#8220; price_text_shadow_style=&#8220;none&#8220; custom_button=&#8220;off&#8220; button_bg_use_color_gradient=&#8220;off&#8220; button_bg_color_gradient_overlays_image=&#8220;off&#8220; button_use_icon=&#8220;on&#8220; button_on_hover=&#8220;on&#8220; button_text_shadow_style=&#8220;none&#8220; box_shadow_style_button=&#8220;none&#8220; box_shadow_style=&#8220;none&#8220; per=&#8220;statt 100.- (Startpreis)&#8220; text_shadow_horizontal_length=&#8220;0em&#8220; text_shadow_vertical_length=&#8220;0em&#8220; text_shadow_blur_strength=&#8220;0em&#8220; header_text_shadow_horizontal_length=&#8220;0em&#8220; header_text_shadow_vertical_length=&#8220;0em&#8220; header_text_shadow_blur_strength=&#8220;0em&#8220; body_text_shadow_horizontal_length=&#8220;0em&#8220; body_text_shadow_vertical_length=&#8220;0em&#8220; body_text_shadow_blur_strength=&#8220;0em&#8220; subheader_text_shadow_horizontal_length=&#8220;0em&#8220; subheader_text_shadow_vertical_length=&#8220;0em&#8220; subheader_text_shadow_blur_strength=&#8220;0em&#8220; currency_frequency_text_shadow_horizontal_length=&#8220;0em&#8220; currency_frequency_text_shadow_vertical_length=&#8220;0em&#8220; currency_frequency_text_shadow_blur_strength=&#8220;0em&#8220; price_text_shadow_horizontal_length=&#8220;0em&#8220; price_text_shadow_vertical_length=&#8220;0em&#8220; price_text_shadow_blur_strength=&#8220;0em&#8220; button_text_shadow_horizontal_length=&#8220;0em&#8220; button_text_shadow_vertical_length=&#8220;0em&#8220; button_text_shadow_blur_strength=&#8220;0em&#8220; \/][\/et_pb_pricing_tables][et_pb_text _builder_version=&#8220;3.12.2&#8243; header_2_font_size=&#8220;32px&#8220; custom_margin=&#8220;100px|||&#8220; header_4_font_size=&#8220;20px&#8220; disabled=&#8220;off&#8220; disabled_on=&#8220;off|off|off&#8220;]<\/p>\n<h4>Einfach erf\u00fcllen Sie und unterwerfen Sie das folgende Formular:<\/h4>\n<p>[\/et_pb_text][et_pb_text _builder_version=&#8220;3.12.2&#8243; header_2_font_size=&#8220;32px&#8220; custom_margin=&#8220;100px|||&#8220; header_4_font_size=&#8220;20px&#8220; disabled=&#8220;on&#8220; disabled_on=&#8220;on|on|on&#8220;]<\/p>\n<h4>Wir werden bald die Kurse starten.<\/h4>\n<p>Im Augenblick, k\u00f6nnen Sie mit uns per Telefon Kontakt nehmen: 021 552 02 20<\/p>\n<p>[\/et_pb_text][\/et_pb_column][\/et_pb_row][et_pb_row _builder_version=&#8220;3.12.2&#8243;][et_pb_column type=&#8220;4_4&#8243;][et_pb_code _builder_version=&#8220;3.12.2&#8243; disabled=&#8220;off&#8220; disabled_on=&#8220;off|off|off&#8220;]<script type='text\/javascript'>\r\n   \tvar wbk_cstuomer_email_on_from = '';\r\n<\/script>\r\n<div class=\"wbk-outer-container\">\r\n\t<div class=\"wbk-inner-container\">\r\n \t<img src=https:\/\/cdn.freecross.ch\/wp-content\/plugins\/webba-booking\/frontend\/images\/loading.svg style=\"display:block;width:0px;height:0px;\">\r\n\t\t<div class=\"wbk-frontend-row\" id=\"wbk-service-container\" >\r\n\t\t\t<div class=\"wbk-col-12-12\" >\r\n\t\t\t\t <div id=\"wbk_service_list_holder\"><label class=\"wbk-input-label\">Dienstleistung ausw\u00e4hlen<\/label><select class=\"wbk-select wbk-input\" id=\"wbk-service-id\"><option value=\"0\" selected=\"selected\">ausw\u00e4hlen....<\/option><option value=\"4\"  data-multi-low-limit=\"\" data-multi-limit=\"\" >Cours priv\u00e9 FreeCross (Olivier)<\/option><option value=\"3\"  data-multi-low-limit=\"\" data-multi-limit=\"\" >Initiation FreeCross (Olivier)<\/option><option value=\"2\"  data-multi-low-limit=\"\" data-multi-limit=\"\" >Cours priv\u00e9 FreeCross (Akila)<\/option><option value=\"1\"  data-multi-low-limit=\"\" data-multi-limit=\"\" >Initiation FreeCross (Akila)<\/option><\/select><\/div><input type=\"hidden\" id=\"wbk_current_category\" value=\"0\">\t\t\t<\/div>\r\n\t\t\t<script type='text\/javascript'>var wbk_get_converted = {\"blank\":\"blank\"};<\/script>\r\n\t\t<\/div>\r\n\t\t<div class=\"wbk-frontend-row\" id=\"wbk-date-container\">\r\n\t\t<\/div>\r\n\t\t\t\t<div class=\"wbk-frontend-row\" id=\"wbk-slots-container\">\r\n\t\t<\/div>\r\n\t\t<div class=\"wbk-frontend-row\" id=\"wbk-booking-form-container\">\r\n\t\t<\/div>\r\n\t\t<div class=\"wbk-frontend-row\" id=\"wbk-booking-done\">\r\n\t\t<\/div>\r\n\t\t<div class=\"wbk-frontend-row\" id=\"wbk-payment\">\r\n\t\t<\/div>\r\n\t<\/div>\r\n<\/div>\r\n[\/et_pb_code][\/et_pb_column][\/et_pb_row][\/et_pb_section]<\/p>\n","protected":false},"excerpt":{"rendered":"<p>W\u00fcnschen Sie eine Einf\u00fchrungssitzung zu reservieren? Ein private Kurs? Einfach erf\u00fcllen Sie und unterwerfen Sie das folgende Formular: Wir werden bald die Kurse starten. Im Augenblick, k\u00f6nnen Sie mit uns per Telefon Kontakt nehmen: 021 552 02 20 <script type='text\/javascript'>\r\n   \tvar wbk_cstuomer_email_on_from = '';\r\n<\/script>\r\n<div class=\"wbk-outer-container\">\r\n\t<div class=\"wbk-inner-container\">\r\n \t<img src=https:\/\/cdn.freecross.ch\/wp-content\/plugins\/webba-booking\/frontend\/images\/loading.svg style=\"display:block;width:0px;height:0px;\">\r\n\t\t<div class=\"wbk-frontend-row\" id=\"wbk-service-container\" >\r\n\t\t\t<div class=\"wbk-col-12-12\" >\r\n\t\t\t\t <div id=\"wbk_service_list_holder\"><label class=\"wbk-input-label\">Dienstleistung ausw\u00e4hlen<\/label><select class=\"wbk-select wbk-input\" id=\"wbk-service-id\"><option value=\"0\" selected=\"selected\">ausw\u00e4hlen....<\/option><option value=\"4\"  data-multi-low-limit=\"\" data-multi-limit=\"\" >Cours priv\u00e9 FreeCross (Olivier)<\/option><option value=\"3\"  data-multi-low-limit=\"\" data-multi-limit=\"\" >Initiation FreeCross (Olivier)<\/option><option value=\"2\"  data-multi-low-limit=\"\" data-multi-limit=\"\" >Cours priv\u00e9 FreeCross (Akila)<\/option><option value=\"1\"  data-multi-low-limit=\"\" data-multi-limit=\"\" >Initiation FreeCross (Akila)<\/option><\/select><\/div><input type=\"hidden\" id=\"wbk_current_category\" value=\"0\">\t\t\t<\/div>\r\n\t\t\t<script type='text\/javascript'>var wbk_get_converted = {\"blank\":\"blank\"};<\/script>\r\n\t\t<\/div>\r\n\t\t<div class=\"wbk-frontend-row\" id=\"wbk-date-container\">\r\n\t\t<\/div>\r\n\t\t\t\t<div class=\"wbk-frontend-row\" id=\"wbk-slots-container\">\r\n\t\t<\/div>\r\n\t\t<div class=\"wbk-frontend-row\" id=\"wbk-booking-form-container\">\r\n\t\t<\/div>\r\n\t\t<div class=\"wbk-frontend-row\" id=\"wbk-booking-done\">\r\n\t\t<\/div>\r\n\t\t<div class=\"wbk-frontend-row\" id=\"wbk-payment\">\r\n\t\t<\/div>\r\n\t<\/div>\r\n<\/div>\r\n<\/p>\n","protected":false},"author":1,"featured_media":0,"parent":0,"menu_order":0,"comment_status":"closed","ping_status":"closed","template":"","meta":{"_et_pb_use_builder":"on","_et_pb_old_content":"","_et_gb_content_width":"","_monsterinsights_skip_tracking":false,"_monsterinsights_sitenote_active":false,"_monsterinsights_sitenote_note":"","_monsterinsights_sitenote_category":0},"yoast_head":"<!-- This site is optimized with the Yoast SEO plugin v19.6 - https:\/\/yoast.com\/wordpress\/plugins\/seo\/ -->\n<title>Buchung - FreeCross<\/title>\n<meta name=\"robots\" content=\"index, follow, max-snippet:-1, max-image-preview:large, max-video-preview:-1\" \/>\n<link rel=\"canonical\" href=\"https:\/\/freecross.ch\/de\/buchung\/\" \/>\n<meta property=\"og:locale\" content=\"de_DE\" \/>\n<meta property=\"og:type\" content=\"article\" \/>\n<meta property=\"og:title\" content=\"Buchung - FreeCross\" \/>\n<meta property=\"og:description\" content=\"W\u00fcnschen Sie eine Einf\u00fchrungssitzung zu reservieren? Ein private Kurs? Einfach erf\u00fcllen Sie und unterwerfen Sie das folgende Formular: Wir werden bald die Kurse starten. Im Augenblick, k\u00f6nnen Sie mit uns per Telefon Kontakt nehmen: 021 552 02 20\" \/>\n<meta property=\"og:url\" content=\"https:\/\/freecross.ch\/de\/buchung\/\" \/>\n<meta property=\"og:site_name\" content=\"FreeCross\" \/>\n<meta property=\"article:publisher\" content=\"https:\/\/www.facebook.com\/FreeCross.suisse\" \/>\n<meta property=\"article:modified_time\" content=\"2018-10-04T12:47:48+00:00\" \/>\n<meta name=\"twitter:card\" content=\"summary_large_image\" \/>\n<meta name=\"twitter:label1\" content=\"Gesch\u00e4tzte Lesezeit\" \/>\n\t<meta name=\"twitter:data1\" content=\"4\u00a0Minuten\" \/>\n<script type=\"application\/ld+json\" class=\"yoast-schema-graph\">{\"@context\":\"https:\/\/schema.org\",\"@graph\":[{\"@type\":\"WebPage\",\"@id\":\"https:\/\/freecross.ch\/de\/buchung\/\",\"url\":\"https:\/\/freecross.ch\/de\/buchung\/\",\"name\":\"Buchung - FreeCross\",\"isPartOf\":{\"@id\":\"https:\/\/freecross.ch\/#website\"},\"datePublished\":\"2018-08-31T09:38:56+00:00\",\"dateModified\":\"2018-10-04T12:47:48+00:00\",\"breadcrumb\":{\"@id\":\"https:\/\/freecross.ch\/de\/buchung\/#breadcrumb\"},\"inLanguage\":\"de\",\"potentialAction\":[{\"@type\":\"ReadAction\",\"target\":[\"https:\/\/freecross.ch\/de\/buchung\/\"]}]},{\"@type\":\"BreadcrumbList\",\"@id\":\"https:\/\/freecross.ch\/de\/buchung\/#breadcrumb\",\"itemListElement\":[{\"@type\":\"ListItem\",\"position\":1,\"name\":\"Accueil\",\"item\":\"https:\/\/freecross.ch\/de\/\"},{\"@type\":\"ListItem\",\"position\":2,\"name\":\"Buchung\"}]},{\"@type\":\"WebSite\",\"@id\":\"https:\/\/freecross.ch\/#website\",\"url\":\"https:\/\/freecross.ch\/\",\"name\":\"FreeCross\",\"description\":\"Le crosstrainer en toute libert\u00e9\",\"publisher\":{\"@id\":\"https:\/\/freecross.ch\/#organization\"},\"potentialAction\":[{\"@type\":\"SearchAction\",\"target\":{\"@type\":\"EntryPoint\",\"urlTemplate\":\"https:\/\/freecross.ch\/?s={search_term_string}\"},\"query-input\":\"required name=search_term_string\"}],\"inLanguage\":\"de\"},{\"@type\":\"Organization\",\"@id\":\"https:\/\/freecross.ch\/#organization\",\"name\":\"FreeCross\",\"url\":\"https:\/\/freecross.ch\/\",\"sameAs\":[\"https:\/\/www.facebook.com\/FreeCross.suisse\"],\"logo\":{\"@type\":\"ImageObject\",\"inLanguage\":\"de\",\"@id\":\"https:\/\/freecross.ch\/#\/schema\/logo\/image\/\",\"url\":\"https:\/\/cdn.freecross.ch\/wp-content\/uploads\/2018\/08\/static1.squarespace.com_.png\",\"contentUrl\":\"https:\/\/cdn.freecross.ch\/wp-content\/uploads\/2018\/08\/static1.squarespace.com_.png\",\"width\":730,\"height\":114,\"caption\":\"FreeCross\"},\"image\":{\"@id\":\"https:\/\/freecross.ch\/#\/schema\/logo\/image\/\"}}]}<\/script>\n<!-- \/ Yoast SEO plugin. -->","yoast_head_json":{"title":"Buchung - FreeCross","robots":{"index":"index","follow":"follow","max-snippet":"max-snippet:-1","max-image-preview":"max-image-preview:large","max-video-preview":"max-video-preview:-1"},"canonical":"https:\/\/freecross.ch\/de\/buchung\/","og_locale":"de_DE","og_type":"article","og_title":"Buchung - FreeCross","og_description":"W\u00fcnschen Sie eine Einf\u00fchrungssitzung zu reservieren? Ein private Kurs? Einfach erf\u00fcllen Sie und unterwerfen Sie das folgende Formular: Wir werden bald die Kurse starten. Im Augenblick, k\u00f6nnen Sie mit uns per Telefon Kontakt nehmen: 021 552 02 20","og_url":"https:\/\/freecross.ch\/de\/buchung\/","og_site_name":"FreeCross","article_publisher":"https:\/\/www.facebook.com\/FreeCross.suisse","article_modified_time":"2018-10-04T12:47:48+00:00","twitter_card":"summary_large_image","twitter_misc":{"Gesch\u00e4tzte Lesezeit":"4\u00a0Minuten"},"schema":{"@context":"https:\/\/schema.org","@graph":[{"@type":"WebPage","@id":"https:\/\/freecross.ch\/de\/buchung\/","url":"https:\/\/freecross.ch\/de\/buchung\/","name":"Buchung - FreeCross","isPartOf":{"@id":"https:\/\/freecross.ch\/#website"},"datePublished":"2018-08-31T09:38:56+00:00","dateModified":"2018-10-04T12:47:48+00:00","breadcrumb":{"@id":"https:\/\/freecross.ch\/de\/buchung\/#breadcrumb"},"inLanguage":"de","potentialAction":[{"@type":"ReadAction","target":["https:\/\/freecross.ch\/de\/buchung\/"]}]},{"@type":"BreadcrumbList","@id":"https:\/\/freecross.ch\/de\/buchung\/#breadcrumb","itemListElement":[{"@type":"ListItem","position":1,"name":"Accueil","item":"https:\/\/freecross.ch\/de\/"},{"@type":"ListItem","position":2,"name":"Buchung"}]},{"@type":"WebSite","@id":"https:\/\/freecross.ch\/#website","url":"https:\/\/freecross.ch\/","name":"FreeCross","description":"Le crosstrainer en toute libert\u00e9","publisher":{"@id":"https:\/\/freecross.ch\/#organization"},"potentialAction":[{"@type":"SearchAction","target":{"@type":"EntryPoint","urlTemplate":"https:\/\/freecross.ch\/?s={search_term_string}"},"query-input":"required name=search_term_string"}],"inLanguage":"de"},{"@type":"Organization","@id":"https:\/\/freecross.ch\/#organization","name":"FreeCross","url":"https:\/\/freecross.ch\/","sameAs":["https:\/\/www.facebook.com\/FreeCross.suisse"],"logo":{"@type":"ImageObject","inLanguage":"de","@id":"https:\/\/freecross.ch\/#\/schema\/logo\/image\/","url":"https:\/\/cdn.freecross.ch\/wp-content\/uploads\/2018\/08\/static1.squarespace.com_.png","contentUrl":"https:\/\/cdn.freecross.ch\/wp-content\/uploads\/2018\/08\/static1.squarespace.com_.png","width":730,"height":114,"caption":"FreeCross"},"image":{"@id":"https:\/\/freecross.ch\/#\/schema\/logo\/image\/"}}]}},"amp_enabled":true,"_links":{"self":[{"href":"https:\/\/freecross.ch\/de\/wp-json\/wp\/v2\/pages\/634"}],"collection":[{"href":"https:\/\/freecross.ch\/de\/wp-json\/wp\/v2\/pages"}],"about":[{"href":"https:\/\/freecross.ch\/de\/wp-json\/wp\/v2\/types\/page"}],"author":[{"embeddable":true,"href":"https:\/\/freecross.ch\/de\/wp-json\/wp\/v2\/users\/1"}],"replies":[{"embeddable":true,"href":"https:\/\/freecross.ch\/de\/wp-json\/wp\/v2\/comments?post=634"}],"version-history":[{"count":4,"href":"https:\/\/freecross.ch\/de\/wp-json\/wp\/v2\/pages\/634\/revisions"}],"predecessor-version":[{"id":718,"href":"https:\/\/freecross.ch\/de\/wp-json\/wp\/v2\/pages\/634\/revisions\/718"}],"wp:attachment":[{"href":"https:\/\/freecross.ch\/de\/wp-json\/wp\/v2\/media?parent=634"}],"curies":[{"name":"wp","href":"https:\/\/api.w.org\/{rel}","templated":true}]}}