{"id":646,"date":"2018-08-31T11:57:38","date_gmt":"2018-08-31T09:57:38","guid":{"rendered":"https:\/\/freecross.ch\/zubehor\/"},"modified":"2018-09-01T12:52:26","modified_gmt":"2018-09-01T10:52:26","slug":"zubehor","status":"publish","type":"page","link":"https:\/\/freecross.ch\/de\/zubehor\/","title":{"rendered":"Zubeh\u00f6r"},"content":{"rendered":"<p>[et_pb_section bb_built=&#8220;1&#8243; _builder_version=&#8220;3.12.2&#8243; background_image=&#8220;https:\/\/cdn.freecross.ch\/wp-content\/uploads\/2018\/08\/outdoor1.jpg&#8220; background_position=&#8220;center_left&#8220; next_background_color=&#8220;#ffffff&#8220;][et_pb_row][et_pb_column type=&#8220;4_4&#8243;][et_pb_post_title _builder_version=&#8220;3.12.2&#8243; meta=&#8220;off&#8220; featured_image=&#8220;off&#8220; title_text_color=&#8220;#ffffff&#8220; title_font_size=&#8220;64px&#8220; title_font_size_phone=&#8220;40px&#8220; title_font_size_last_edited=&#8220;on|phone&#8220; \/][\/et_pb_column][\/et_pb_row][\/et_pb_section][et_pb_section bb_built=&#8220;1&#8243; fullwidth=&#8220;off&#8220; specialty=&#8220;off&#8220; prev_background_color=&#8220;#000000&#8243;][et_pb_row _builder_version=&#8220;3.12.2&#8243;][et_pb_column type=&#8220;1_3&#8243;][et_pb_image admin_label=&#8220;Entra\u00eeneur \u00e0 rouleaux&#8220; _builder_version=&#8220;3.12.2&#8243; src=&#8220;https:\/\/cdn.freecross.ch\/wp-content\/uploads\/2018\/08\/rollTrainer.jpg&#8220; url=&#8220;\/de\/rollentrainer\/&#8220; use_overlay=&#8220;on&#8220; overlay_icon_color=&#8220;#96d045&#8243; hover_overlay_color=&#8220;rgba(255,255,255,0.48)&#8220; hover_icon=&#8220;%%200%%&#8220; \/][et_pb_button _builder_version=&#8220;3.12.2&#8243; button_text=&#8220;CHF 280.-&#8220; button_url=&#8220;https:\/\/freecross.ch\/de\/rollentrainer\/&#8220; button_alignment=&#8220;right&#8220; custom_margin=&#8220;-60px|-10px||&#8220; custom_margin_tablet=&#8220;-25px|||&#8220; custom_margin_last_edited=&#8220;on|desktop&#8220; \/][et_pb_text _builder_version=&#8220;3.12.2&#8243; header_2_font_size=&#8220;48px&#8220; header_2_font_size_tablet=&#8220;32px&#8220; header_2_font_size_last_edited=&#8220;on|desktop&#8220; header_4_font_size=&#8220;20px&#8220; custom_margin=&#8220;-20px|||&#8220; custom_margin_last_edited=&#8220;off|desktop&#8220;]<\/p>\n<h4>Rollentrainer<\/h4>\n<p>[\/et_pb_text][\/et_pb_column][et_pb_column type=&#8220;1_3&#8243;][et_pb_image admin_label=&#8220;Porte-bagages&#8220; _builder_version=&#8220;3.12.2&#8243; src=&#8220;https:\/\/cdn.freecross.ch\/wp-content\/uploads\/2018\/08\/porte-bagage.jpg&#8220; url=&#8220;\/de\/gepacktrager\/&#8220; use_overlay=&#8220;on&#8220; overlay_icon_color=&#8220;#96d045&#8243; hover_overlay_color=&#8220;rgba(255,255,255,0.48)&#8220; hover_icon=&#8220;%%200%%&#8220; \/][et_pb_button _builder_version=&#8220;3.12.2&#8243; button_text=&#8220;CHF 145.-&#8220; button_url=&#8220;https:\/\/freecross.ch\/de\/gepacktrager\/&#8220; button_alignment=&#8220;right&#8220; custom_margin=&#8220;-60px|-10px||&#8220; custom_margin_tablet=&#8220;-25px|||&#8220; custom_margin_last_edited=&#8220;on|desktop&#8220; \/][et_pb_text _builder_version=&#8220;3.12.2&#8243; header_2_font_size=&#8220;48px&#8220; header_2_font_size_tablet=&#8220;32px&#8220; header_2_font_size_last_edited=&#8220;on|desktop&#8220; header_4_font_size=&#8220;20px&#8220; custom_margin=&#8220;-20px|||&#8220; custom_margin_last_edited=&#8220;off|desktop&#8220;]<\/p>\n<h4>Gep\u00e4cktr\u00e4ger<\/h4>\n<p>[\/et_pb_text][\/et_pb_column][et_pb_column type=&#8220;1_3&#8243;][et_pb_image admin_label=&#8220;Capot&#8220; _builder_version=&#8220;3.12.2&#8243; src=&#8220;https:\/\/cdn.freecross.ch\/wp-content\/uploads\/2018\/08\/RM82200.jpg&#8220; url=&#8220;\/de\/schutzbleche-vorn\/&#8220; use_overlay=&#8220;on&#8220; overlay_icon_color=&#8220;#96d045&#8243; hover_overlay_color=&#8220;rgba(255,255,255,0.48)&#8220; hover_icon=&#8220;%%200%%&#8220; \/][et_pb_button _builder_version=&#8220;3.12.2&#8243; button_text=&#8220;CHF 110.-&#8220; button_url=&#8220;https:\/\/freecross.ch\/de\/schutzbleche-vorn\/&#8220; button_alignment=&#8220;right&#8220; custom_margin=&#8220;-60px|-10px||&#8220; custom_margin_tablet=&#8220;-25px|||&#8220; custom_margin_last_edited=&#8220;on|desktop&#8220; \/][et_pb_text _builder_version=&#8220;3.12.2&#8243; header_2_font_size=&#8220;48px&#8220; header_2_font_size_tablet=&#8220;32px&#8220; header_2_font_size_last_edited=&#8220;on|desktop&#8220; header_4_font_size=&#8220;20px&#8220; custom_margin=&#8220;-20px|||&#8220;]<\/p>\n<h4>Schutzbleche vorn<\/h4>\n<p>[\/et_pb_text][\/et_pb_column][\/et_pb_row][et_pb_row][et_pb_column type=&#8220;1_3&#8243;][et_pb_image admin_label=&#8220;Gourde&#8220; _builder_version=&#8220;3.12.2&#8243; src=&#8220;https:\/\/cdn.freecross.ch\/wp-content\/uploads\/2018\/08\/gourde.jpg&#8220; url=&#8220;\/de\/trinkflasche-mit-halter\/&#8220; use_overlay=&#8220;on&#8220; overlay_icon_color=&#8220;#96d045&#8243; hover_overlay_color=&#8220;rgba(255,255,255,0.48)&#8220; hover_icon=&#8220;%%200%%&#8220; \/][et_pb_button _builder_version=&#8220;3.12.2&#8243; button_text=&#8220;CHF 45.-&#8220; button_url=&#8220;https:\/\/freecross.ch\/de\/trinkflasche-mit-halter\/&#8220; button_alignment=&#8220;right&#8220; custom_margin=&#8220;-60px|-10px||&#8220; custom_margin_tablet=&#8220;-25px|||&#8220; custom_margin_last_edited=&#8220;on|desktop&#8220; \/][et_pb_text _builder_version=&#8220;3.12.2&#8243; header_2_font_size=&#8220;48px&#8220; header_2_font_size_tablet=&#8220;32px&#8220; header_2_font_size_last_edited=&#8220;on|desktop&#8220; header_4_font_size=&#8220;20px&#8220; custom_margin=&#8220;-20px|||&#8220; custom_margin_last_edited=&#8220;off|desktop&#8220;]<\/p>\n<h4>Trinkflasche mit Halter<\/h4>\n<p>[\/et_pb_text][\/et_pb_column][et_pb_column type=&#8220;1_3&#8243;][et_pb_image admin_label=&#8220;Phare&#8220; _builder_version=&#8220;3.12.2&#8243; src=&#8220;https:\/\/cdn.freecross.ch\/wp-content\/uploads\/2018\/08\/lampe.jpg&#8220; url=&#8220;\/de\/scheinwerfer\/&#8220; use_overlay=&#8220;on&#8220; overlay_icon_color=&#8220;#96d045&#8243; hover_overlay_color=&#8220;rgba(255,255,255,0.48)&#8220; hover_icon=&#8220;%%200%%&#8220; \/][et_pb_button _builder_version=&#8220;3.12.2&#8243; button_text=&#8220;CHF 75.-&#8220; button_url=&#8220;https:\/\/freecross.ch\/de\/scheinwerfer\/&#8220; button_alignment=&#8220;right&#8220; custom_margin=&#8220;-60px|-10px||&#8220; custom_margin_tablet=&#8220;-25px|||&#8220; custom_margin_last_edited=&#8220;on|desktop&#8220; \/][et_pb_text _builder_version=&#8220;3.12.2&#8243; header_2_font_size=&#8220;48px&#8220; header_2_font_size_tablet=&#8220;32px&#8220; header_2_font_size_last_edited=&#8220;on|desktop&#8220; header_4_font_size=&#8220;20px&#8220; custom_margin=&#8220;-20px|||&#8220; custom_margin_last_edited=&#8220;off|desktop&#8220;]<\/p>\n<h4>Scheinwerfer<\/h4>\n<p>[\/et_pb_text][\/et_pb_column][et_pb_column type=&#8220;1_3&#8243;][et_pb_image admin_label=&#8220;Phare arri\u00e8re&#8220; _builder_version=&#8220;3.12.2&#8243; src=&#8220;https:\/\/cdn.freecross.ch\/wp-content\/uploads\/2018\/08\/feu.jpg&#8220; url=&#8220;\/de\/rucklicht\/&#8220; use_overlay=&#8220;on&#8220; overlay_icon_color=&#8220;#96d045&#8243; hover_overlay_color=&#8220;rgba(255,255,255,0.48)&#8220; hover_icon=&#8220;%%200%%&#8220; \/][et_pb_button _builder_version=&#8220;3.12.2&#8243; button_text=&#8220;CHF 55.-&#8220; button_url=&#8220;\/de\/rucklicht\/&#8220; button_alignment=&#8220;right&#8220; custom_margin=&#8220;-60px|-10px||&#8220; custom_margin_tablet=&#8220;-25px|||&#8220; custom_margin_last_edited=&#8220;on|desktop&#8220; \/][et_pb_text _builder_version=&#8220;3.12.2&#8243; header_2_font_size=&#8220;48px&#8220; header_2_font_size_tablet=&#8220;32px&#8220; header_2_font_size_last_edited=&#8220;on|desktop&#8220; header_4_font_size=&#8220;20px&#8220; custom_margin=&#8220;-20px|||&#8220; custom_margin_last_edited=&#8220;off|desktop&#8220;]<\/p>\n<h4>R\u00fccklicht<\/h4>\n<p>[\/et_pb_text][\/et_pb_column][\/et_pb_row][et_pb_row][et_pb_column type=&#8220;4_4&#8243;][et_pb_divider _builder_version=&#8220;3.12.2&#8243; show_divider=&#8220;off&#8220; \/][\/et_pb_column][\/et_pb_row][\/et_pb_section]<\/p>\n","protected":false},"excerpt":{"rendered":"<p><div class=\"et_pb_row et_pb_row_0 et_pb_row_empty\">\n\t\t\t\t\n\t\t\t\t\n\t\t\t\t\n\t\t\t\t\n\t\t\t\t\n\t\t\t<\/div> Rollentrainer Gep\u00e4cktr\u00e4ger Schutzbleche vorn <div class=\"et_pb_row et_pb_row_1 et_pb_row_empty\">\n\t\t\t\t\n\t\t\t\t\n\t\t\t\t\n\t\t\t\t\n\t\t\t\t\n\t\t\t<\/div> Trinkflasche mit Halter Scheinwerfer R\u00fccklicht <div class=\"et_pb_row et_pb_row_2 et_pb_row_empty\">\n\t\t\t\t\n\t\t\t\t\n\t\t\t\t\n\t\t\t\t\n\t\t\t\t\n\t\t\t<\/div><\/p>\n","protected":false},"author":1,"featured_media":0,"parent":0,"menu_order":0,"comment_status":"closed","ping_status":"closed","template":"","meta":{"_et_pb_use_builder":"on","_et_pb_old_content":"","_et_gb_content_width":"","_monsterinsights_skip_tracking":false,"_monsterinsights_sitenote_active":false,"_monsterinsights_sitenote_note":"","_monsterinsights_sitenote_category":0},"yoast_head":"<!-- This site is optimized with the Yoast SEO plugin v19.6 - https:\/\/yoast.com\/wordpress\/plugins\/seo\/ -->\n<title>Zubeh\u00f6r - FreeCross<\/title>\n<meta name=\"robots\" content=\"index, follow, max-snippet:-1, max-image-preview:large, max-video-preview:-1\" \/>\n<link rel=\"canonical\" href=\"https:\/\/freecross.ch\/de\/zubehor\/\" \/>\n<meta property=\"og:locale\" content=\"de_DE\" \/>\n<meta property=\"og:type\" content=\"article\" \/>\n<meta property=\"og:title\" content=\"Zubeh\u00f6r - FreeCross\" \/>\n<meta property=\"og:description\" content=\"Rollentrainer Gep\u00e4cktr\u00e4ger Schutzbleche vorn Trinkflasche mit Halter Scheinwerfer R\u00fccklicht\" \/>\n<meta property=\"og:url\" content=\"https:\/\/freecross.ch\/de\/zubehor\/\" \/>\n<meta property=\"og:site_name\" content=\"FreeCross\" \/>\n<meta property=\"article:publisher\" content=\"https:\/\/www.facebook.com\/FreeCross.suisse\" \/>\n<meta property=\"article:modified_time\" content=\"2018-09-01T10:52:26+00:00\" \/>\n<meta name=\"twitter:card\" content=\"summary_large_image\" \/>\n<meta name=\"twitter:label1\" content=\"Gesch\u00e4tzte Lesezeit\" \/>\n\t<meta name=\"twitter:data1\" content=\"4\u00a0Minuten\" \/>\n<script type=\"application\/ld+json\" class=\"yoast-schema-graph\">{\"@context\":\"https:\/\/schema.org\",\"@graph\":[{\"@type\":\"WebPage\",\"@id\":\"https:\/\/freecross.ch\/de\/zubehor\/\",\"url\":\"https:\/\/freecross.ch\/de\/zubehor\/\",\"name\":\"Zubeh\u00f6r - FreeCross\",\"isPartOf\":{\"@id\":\"https:\/\/freecross.ch\/#website\"},\"datePublished\":\"2018-08-31T09:57:38+00:00\",\"dateModified\":\"2018-09-01T10:52:26+00:00\",\"breadcrumb\":{\"@id\":\"https:\/\/freecross.ch\/de\/zubehor\/#breadcrumb\"},\"inLanguage\":\"de\",\"potentialAction\":[{\"@type\":\"ReadAction\",\"target\":[\"https:\/\/freecross.ch\/de\/zubehor\/\"]}]},{\"@type\":\"BreadcrumbList\",\"@id\":\"https:\/\/freecross.ch\/de\/zubehor\/#breadcrumb\",\"itemListElement\":[{\"@type\":\"ListItem\",\"position\":1,\"name\":\"Accueil\",\"item\":\"https:\/\/freecross.ch\/de\/\"},{\"@type\":\"ListItem\",\"position\":2,\"name\":\"Zubeh\u00f6r\"}]},{\"@type\":\"WebSite\",\"@id\":\"https:\/\/freecross.ch\/#website\",\"url\":\"https:\/\/freecross.ch\/\",\"name\":\"FreeCross\",\"description\":\"Le crosstrainer en toute libert\u00e9\",\"publisher\":{\"@id\":\"https:\/\/freecross.ch\/#organization\"},\"potentialAction\":[{\"@type\":\"SearchAction\",\"target\":{\"@type\":\"EntryPoint\",\"urlTemplate\":\"https:\/\/freecross.ch\/?s={search_term_string}\"},\"query-input\":\"required name=search_term_string\"}],\"inLanguage\":\"de\"},{\"@type\":\"Organization\",\"@id\":\"https:\/\/freecross.ch\/#organization\",\"name\":\"FreeCross\",\"url\":\"https:\/\/freecross.ch\/\",\"sameAs\":[\"https:\/\/www.facebook.com\/FreeCross.suisse\"],\"logo\":{\"@type\":\"ImageObject\",\"inLanguage\":\"de\",\"@id\":\"https:\/\/freecross.ch\/#\/schema\/logo\/image\/\",\"url\":\"https:\/\/cdn.freecross.ch\/wp-content\/uploads\/2018\/08\/static1.squarespace.com_.png\",\"contentUrl\":\"https:\/\/cdn.freecross.ch\/wp-content\/uploads\/2018\/08\/static1.squarespace.com_.png\",\"width\":730,\"height\":114,\"caption\":\"FreeCross\"},\"image\":{\"@id\":\"https:\/\/freecross.ch\/#\/schema\/logo\/image\/\"}}]}<\/script>\n<!-- \/ Yoast SEO plugin. -->","yoast_head_json":{"title":"Zubeh\u00f6r - FreeCross","robots":{"index":"index","follow":"follow","max-snippet":"max-snippet:-1","max-image-preview":"max-image-preview:large","max-video-preview":"max-video-preview:-1"},"canonical":"https:\/\/freecross.ch\/de\/zubehor\/","og_locale":"de_DE","og_type":"article","og_title":"Zubeh\u00f6r - FreeCross","og_description":"Rollentrainer Gep\u00e4cktr\u00e4ger Schutzbleche vorn Trinkflasche mit Halter Scheinwerfer R\u00fccklicht","og_url":"https:\/\/freecross.ch\/de\/zubehor\/","og_site_name":"FreeCross","article_publisher":"https:\/\/www.facebook.com\/FreeCross.suisse","article_modified_time":"2018-09-01T10:52:26+00:00","twitter_card":"summary_large_image","twitter_misc":{"Gesch\u00e4tzte Lesezeit":"4\u00a0Minuten"},"schema":{"@context":"https:\/\/schema.org","@graph":[{"@type":"WebPage","@id":"https:\/\/freecross.ch\/de\/zubehor\/","url":"https:\/\/freecross.ch\/de\/zubehor\/","name":"Zubeh\u00f6r - FreeCross","isPartOf":{"@id":"https:\/\/freecross.ch\/#website"},"datePublished":"2018-08-31T09:57:38+00:00","dateModified":"2018-09-01T10:52:26+00:00","breadcrumb":{"@id":"https:\/\/freecross.ch\/de\/zubehor\/#breadcrumb"},"inLanguage":"de","potentialAction":[{"@type":"ReadAction","target":["https:\/\/freecross.ch\/de\/zubehor\/"]}]},{"@type":"BreadcrumbList","@id":"https:\/\/freecross.ch\/de\/zubehor\/#breadcrumb","itemListElement":[{"@type":"ListItem","position":1,"name":"Accueil","item":"https:\/\/freecross.ch\/de\/"},{"@type":"ListItem","position":2,"name":"Zubeh\u00f6r"}]},{"@type":"WebSite","@id":"https:\/\/freecross.ch\/#website","url":"https:\/\/freecross.ch\/","name":"FreeCross","description":"Le crosstrainer en toute libert\u00e9","publisher":{"@id":"https:\/\/freecross.ch\/#organization"},"potentialAction":[{"@type":"SearchAction","target":{"@type":"EntryPoint","urlTemplate":"https:\/\/freecross.ch\/?s={search_term_string}"},"query-input":"required name=search_term_string"}],"inLanguage":"de"},{"@type":"Organization","@id":"https:\/\/freecross.ch\/#organization","name":"FreeCross","url":"https:\/\/freecross.ch\/","sameAs":["https:\/\/www.facebook.com\/FreeCross.suisse"],"logo":{"@type":"ImageObject","inLanguage":"de","@id":"https:\/\/freecross.ch\/#\/schema\/logo\/image\/","url":"https:\/\/cdn.freecross.ch\/wp-content\/uploads\/2018\/08\/static1.squarespace.com_.png","contentUrl":"https:\/\/cdn.freecross.ch\/wp-content\/uploads\/2018\/08\/static1.squarespace.com_.png","width":730,"height":114,"caption":"FreeCross"},"image":{"@id":"https:\/\/freecross.ch\/#\/schema\/logo\/image\/"}}]}},"amp_enabled":true,"_links":{"self":[{"href":"https:\/\/freecross.ch\/de\/wp-json\/wp\/v2\/pages\/646"}],"collection":[{"href":"https:\/\/freecross.ch\/de\/wp-json\/wp\/v2\/pages"}],"about":[{"href":"https:\/\/freecross.ch\/de\/wp-json\/wp\/v2\/types\/page"}],"author":[{"embeddable":true,"href":"https:\/\/freecross.ch\/de\/wp-json\/wp\/v2\/users\/1"}],"replies":[{"embeddable":true,"href":"https:\/\/freecross.ch\/de\/wp-json\/wp\/v2\/comments?post=646"}],"version-history":[{"count":8,"href":"https:\/\/freecross.ch\/de\/wp-json\/wp\/v2\/pages\/646\/revisions"}],"predecessor-version":[{"id":691,"href":"https:\/\/freecross.ch\/de\/wp-json\/wp\/v2\/pages\/646\/revisions\/691"}],"wp:attachment":[{"href":"https:\/\/freecross.ch\/de\/wp-json\/wp\/v2\/media?parent=646"}],"curies":[{"name":"wp","href":"https:\/\/api.w.org\/{rel}","templated":true}]}}