{"id":656,"date":"2018-08-31T12:07:04","date_gmt":"2018-08-31T10:07:04","guid":{"rendered":"https:\/\/freecross.ch\/kontakt\/"},"modified":"2018-08-31T12:07:08","modified_gmt":"2018-08-31T10:07:08","slug":"kontakt","status":"publish","type":"page","link":"https:\/\/freecross.ch\/de\/kontakt\/","title":{"rendered":"Kontakt"},"content":{"rendered":"<p>[et_pb_section bb_built=&#8220;1&#8243; specialty=&#8220;off&#8220; next_background_color=&#8220;#ffffff&#8220; _builder_version=&#8220;3.12.2&#8243; background_image=&#8220;https:\/\/cdn.freecross.ch\/wp-content\/uploads\/2018\/08\/RM82610_pp.jpg&#8220; background_position=&#8220;center_left&#8220;][et_pb_row][et_pb_column type=&#8220;4_4&#8243;][et_pb_post_title _builder_version=&#8220;3.12.2&#8243; meta=&#8220;off&#8220; featured_image=&#8220;off&#8220; title_text_color=&#8220;#ffffff&#8220; title_font_size=&#8220;64px&#8220; title_font_size_tablet=&#8220;48px&#8220; title_font_size_last_edited=&#8220;on|phone&#8220; \/][\/et_pb_column][\/et_pb_row][\/et_pb_section][et_pb_section bb_built=&#8220;1&#8243; fullwidth=&#8220;off&#8220; specialty=&#8220;off&#8220; prev_background_color=&#8220;#000000&#8243; next_background_color=&#8220;#000000&#8243;][et_pb_row][et_pb_column type=&#8220;4_4&#8243;][et_pb_text _builder_version=&#8220;3.12.2&#8243; header_2_font_size=&#8220;48px&#8220; header_2_font_size_last_edited=&#8220;on|phone&#8220; header_2_font_size_tablet=&#8220;32px&#8220;]<\/p>\n<h2>Uns schreiben<\/h2>\n<p>[\/et_pb_text][et_pb_contact_form _builder_version=&#8220;3.12.2&#8243; title=&#8220;Kontakt&#8220; success_message=&#8220;Nous avons bien re\u00e7u votre demande et allons y r\u00e9pondre dans les meilleurs d\u00e9lais&#8220; submit_button_text=&#8220;Ihre Anfrage senden&#8220; email=&#8220;info@freecross.ch&#8220;][et_pb_contact_field field_title=&#8220;Name&#8220; field_type=&#8220;input&#8220; field_id=&#8220;Name&#8220; required_mark=&#8220;on&#8220; fullwidth_field=&#8220;off&#8220; _builder_version=&#8220;3.12.2&#8243; checkbox_checked=&#8220;off&#8220; checkbox_options=&#8220;%91{%22value%22:%22Nom%22,%22checked%22:0}%93&#8243; radio_options=&#8220;%91{%22value%22:%22Nom%22,%22checked%22:0}%93&#8243; select_options=&#8220;%91{%22value%22:%22Nom%22,%22checked%22:0}%93&#8243; min_length=&#8220;0&#8243; max_length=&#8220;0&#8243; allowed_symbols=&#8220;all&#8220; conditional_logic=&#8220;off&#8220; conditional_logic_relation=&#8220;off&#8220; conditional_logic_rules=&#8220;%91{%22field%22:%22email%22,%22condition%22:%22is%22,%22value%22:%22%22}%93&#8243; use_background_color_gradient=&#8220;off&#8220; background_color_gradient_start=&#8220;#2b87da&#8220; background_color_gradient_end=&#8220;#29c4a9&#8243; background_color_gradient_type=&#8220;linear&#8220; background_color_gradient_direction=&#8220;180deg&#8220; background_color_gradient_direction_radial=&#8220;center&#8220; background_color_gradient_start_position=&#8220;0%&#8220; background_color_gradient_end_position=&#8220;100%&#8220; background_color_gradient_overlays_image=&#8220;off&#8220; parallax=&#8220;off&#8220; parallax_method=&#8220;on&#8220; background_size=&#8220;cover&#8220; background_position=&#8220;center&#8220; background_repeat=&#8220;no-repeat&#8220; background_blend=&#8220;normal&#8220; allow_player_pause=&#8220;off&#8220; background_video_pause_outside_viewport=&#8220;on&#8220; form_field_text_shadow_style=&#8220;none&#8220; box_shadow_style=&#8220;none&#8220; \/][et_pb_contact_field field_title=&#8220;Email Adresse&#8220; field_type=&#8220;email&#8220; field_id=&#8220;Email&#8220; required_mark=&#8220;on&#8220; fullwidth_field=&#8220;off&#8220; _builder_version=&#8220;3.12.2&#8243; checkbox_checked=&#8220;off&#8220; checkbox_options=&#8220;%91{%22value%22:%22Adresse e-mail%22,%22checked%22:0}%93&#8243; radio_options=&#8220;%91{%22value%22:%22Adresse e-mail%22,%22checked%22:0}%93&#8243; select_options=&#8220;%91{%22value%22:%22Adresse e-mail%22,%22checked%22:0}%93&#8243; min_length=&#8220;0&#8243; max_length=&#8220;0&#8243; allowed_symbols=&#8220;all&#8220; conditional_logic=&#8220;off&#8220; conditional_logic_relation=&#8220;off&#8220; conditional_logic_rules=&#8220;%91{%22field%22:%22name%22,%22condition%22:%22is%22,%22value%22:%22%22}%93&#8243; use_background_color_gradient=&#8220;off&#8220; background_color_gradient_start=&#8220;#2b87da&#8220; background_color_gradient_end=&#8220;#29c4a9&#8243; background_color_gradient_type=&#8220;linear&#8220; background_color_gradient_direction=&#8220;180deg&#8220; background_color_gradient_direction_radial=&#8220;center&#8220; background_color_gradient_start_position=&#8220;0%&#8220; background_color_gradient_end_position=&#8220;100%&#8220; background_color_gradient_overlays_image=&#8220;off&#8220; parallax=&#8220;off&#8220; parallax_method=&#8220;on&#8220; background_size=&#8220;cover&#8220; background_position=&#8220;center&#8220; background_repeat=&#8220;no-repeat&#8220; background_blend=&#8220;normal&#8220; allow_player_pause=&#8220;off&#8220; background_video_pause_outside_viewport=&#8220;on&#8220; form_field_text_shadow_style=&#8220;none&#8220; box_shadow_style=&#8220;none&#8220; \/][et_pb_contact_field _builder_version=&#8220;3.12.2&#8243; field_id=&#8220;phone&#8220; field_title=&#8220;Telefon&#8220; field_type=&#8220;input&#8220; checkbox_checked=&#8220;off&#8220; checkbox_options=&#8220;%91{%22value%22:%22%22,%22checked%22:0}%93&#8243; radio_options=&#8220;%91{%22value%22:%22%22,%22checked%22:0}%93&#8243; select_options=&#8220;%91{%22value%22:%22%22,%22checked%22:0}%93&#8243; min_length=&#8220;0&#8243; max_length=&#8220;0&#8243; allowed_symbols=&#8220;all&#8220; required_mark=&#8220;off&#8220; conditional_logic=&#8220;off&#8220; conditional_logic_relation=&#8220;off&#8220; conditional_logic_rules=&#8220;%91{%22field%22:%22name%22,%22condition%22:%22is%22,%22value%22:%22%22}%93&#8243; use_background_color_gradient=&#8220;off&#8220; background_color_gradient_start=&#8220;#2b87da&#8220; background_color_gradient_end=&#8220;#29c4a9&#8243; background_color_gradient_type=&#8220;linear&#8220; background_color_gradient_direction=&#8220;180deg&#8220; background_color_gradient_direction_radial=&#8220;center&#8220; background_color_gradient_start_position=&#8220;0%&#8220; background_color_gradient_end_position=&#8220;100%&#8220; background_color_gradient_overlays_image=&#8220;off&#8220; parallax=&#8220;off&#8220; parallax_method=&#8220;on&#8220; background_size=&#8220;cover&#8220; background_position=&#8220;center&#8220; background_repeat=&#8220;no-repeat&#8220; background_blend=&#8220;normal&#8220; allow_player_pause=&#8220;off&#8220; background_video_pause_outside_viewport=&#8220;on&#8220; fullwidth_field=&#8220;off&#8220; form_field_text_shadow_style=&#8220;none&#8220; box_shadow_style=&#8220;none&#8220; \/][et_pb_contact_field field_title=&#8220;Kommentar&#8220; field_type=&#8220;text&#8220; field_id=&#8220;Message&#8220; required_mark=&#8220;on&#8220; fullwidth_field=&#8220;on&#8220; _builder_version=&#8220;3.12.2&#8243; checkbox_checked=&#8220;off&#8220; checkbox_options=&#8220;%91{%22value%22:%22Message%22,%22checked%22:0}%93&#8243; radio_options=&#8220;%91{%22value%22:%22Message%22,%22checked%22:0}%93&#8243; select_options=&#8220;%91{%22value%22:%22Message%22,%22checked%22:0}%93&#8243; min_length=&#8220;0&#8243; max_length=&#8220;0&#8243; allowed_symbols=&#8220;all&#8220; conditional_logic=&#8220;off&#8220; conditional_logic_relation=&#8220;off&#8220; conditional_logic_rules=&#8220;%91{%22field%22:%22name%22,%22condition%22:%22is%22,%22value%22:%22%22}%93&#8243; use_background_color_gradient=&#8220;off&#8220; background_color_gradient_start=&#8220;#2b87da&#8220; background_color_gradient_end=&#8220;#29c4a9&#8243; background_color_gradient_type=&#8220;linear&#8220; background_color_gradient_direction=&#8220;180deg&#8220; background_color_gradient_direction_radial=&#8220;center&#8220; background_color_gradient_start_position=&#8220;0%&#8220; background_color_gradient_end_position=&#8220;100%&#8220; background_color_gradient_overlays_image=&#8220;off&#8220; parallax=&#8220;off&#8220; parallax_method=&#8220;on&#8220; background_size=&#8220;cover&#8220; background_position=&#8220;center&#8220; background_repeat=&#8220;no-repeat&#8220; background_blend=&#8220;normal&#8220; allow_player_pause=&#8220;off&#8220; background_video_pause_outside_viewport=&#8220;on&#8220; form_field_text_shadow_style=&#8220;none&#8220; box_shadow_style=&#8220;none&#8220; \/][\/et_pb_contact_form][et_pb_divider _builder_version=&#8220;3.12.2&#8243; show_divider=&#8220;off&#8220; \/][et_pb_text _builder_version=&#8220;3.12.2&#8243;]<\/p>\n<h3>FreeCross Schweiz<\/h3>\n<p>c\/o Institut de Beaut\u00e9 Akila<br \/>\nRoute de la Plantay 17<br \/>\n1163 Etoy<\/p>\n<p>Tel.: 021 552 02 20<br \/>\nEmail: info@freecross.ch<\/p>\n<p>[\/et_pb_text][et_pb_divider _builder_version=&#8220;3.12.2&#8243; show_divider=&#8220;off&#8220; \/][\/et_pb_column][\/et_pb_row][\/et_pb_section][et_pb_section bb_built=&#8220;1&#8243; fullwidth=&#8220;on&#8220; specialty=&#8220;off&#8220; prev_background_color=&#8220;#000000&#8243;][et_pb_fullwidth_map _builder_version=&#8220;3.12.2&#8243; zoom_level=&#8220;15&#8243; address_lat=&#8220;46.4724324&#8243; address_lng=&#8220;6.42388219999998&#8243; address=&#8220;Route de la Plantay 17, 1163 Etoy, Switzerland&#8220;][et_pb_map_pin _builder_version=&#8220;3.12.2&#8243; zoom_level=&#8220;18&#8243; pin_address_lat=&#8220;46.4724324&#8243; pin_address_lng=&#8220;6.42388219999998&#8243; title=&#8220;FreeCross Schweiz&#8220; pin_address=&#8220;Route de la Plantay 17, 1163 Etoy, Switzerland&#8220; \/][\/et_pb_fullwidth_map][\/et_pb_section]<\/p>\n","protected":false},"excerpt":{"rendered":"<p><div class=\"et_pb_row et_pb_row_0 et_pb_row_empty\">\n\t\t\t\t\n\t\t\t\t\n\t\t\t\t\n\t\t\t\t\n\t\t\t\t\n\t\t\t<\/div><div class=\"et_pb_row et_pb_row_1 et_pb_row_empty\">\n\t\t\t\t\n\t\t\t\t\n\t\t\t\t\n\t\t\t\t\n\t\t\t\t\n\t\t\t<\/div> Uns schreiben FreeCross Schweiz c\/o Institut de Beaut\u00e9 Akila Route de la Plantay 17 1163 Etoy Tel.: 021 552 02 20 Email: info@freecross.ch<\/p>\n","protected":false},"author":1,"featured_media":0,"parent":0,"menu_order":0,"comment_status":"closed","ping_status":"closed","template":"","meta":{"_et_pb_use_builder":"on","_et_pb_old_content":"","_et_gb_content_width":"","_monsterinsights_skip_tracking":false,"_monsterinsights_sitenote_active":false,"_monsterinsights_sitenote_note":"","_monsterinsights_sitenote_category":0},"yoast_head":"<!-- This site is optimized with the Yoast SEO plugin v19.6 - https:\/\/yoast.com\/wordpress\/plugins\/seo\/ -->\n<title>Kontakt - FreeCross<\/title>\n<meta name=\"robots\" content=\"index, follow, max-snippet:-1, max-image-preview:large, max-video-preview:-1\" \/>\n<link rel=\"canonical\" href=\"https:\/\/freecross.ch\/de\/kontakt\/\" \/>\n<meta property=\"og:locale\" content=\"de_DE\" \/>\n<meta property=\"og:type\" content=\"article\" \/>\n<meta property=\"og:title\" content=\"Kontakt - FreeCross\" \/>\n<meta property=\"og:description\" content=\"Uns schreiben FreeCross Schweiz c\/o Institut de Beaut\u00e9 Akila Route de la Plantay 17 1163 Etoy Tel.: 021 552 02 20 Email: info@freecross.ch\" \/>\n<meta property=\"og:url\" content=\"https:\/\/freecross.ch\/de\/kontakt\/\" \/>\n<meta property=\"og:site_name\" content=\"FreeCross\" \/>\n<meta property=\"article:publisher\" content=\"https:\/\/www.facebook.com\/FreeCross.suisse\" \/>\n<meta property=\"article:modified_time\" content=\"2018-08-31T10:07:08+00:00\" \/>\n<meta name=\"twitter:card\" content=\"summary_large_image\" \/>\n<meta name=\"twitter:label1\" content=\"Gesch\u00e4tzte Lesezeit\" \/>\n\t<meta name=\"twitter:data1\" content=\"4\u00a0Minuten\" \/>\n<script type=\"application\/ld+json\" class=\"yoast-schema-graph\">{\"@context\":\"https:\/\/schema.org\",\"@graph\":[{\"@type\":\"WebPage\",\"@id\":\"https:\/\/freecross.ch\/de\/kontakt\/\",\"url\":\"https:\/\/freecross.ch\/de\/kontakt\/\",\"name\":\"Kontakt - FreeCross\",\"isPartOf\":{\"@id\":\"https:\/\/freecross.ch\/#website\"},\"datePublished\":\"2018-08-31T10:07:04+00:00\",\"dateModified\":\"2018-08-31T10:07:08+00:00\",\"breadcrumb\":{\"@id\":\"https:\/\/freecross.ch\/de\/kontakt\/#breadcrumb\"},\"inLanguage\":\"de\",\"potentialAction\":[{\"@type\":\"ReadAction\",\"target\":[\"https:\/\/freecross.ch\/de\/kontakt\/\"]}]},{\"@type\":\"BreadcrumbList\",\"@id\":\"https:\/\/freecross.ch\/de\/kontakt\/#breadcrumb\",\"itemListElement\":[{\"@type\":\"ListItem\",\"position\":1,\"name\":\"Accueil\",\"item\":\"https:\/\/freecross.ch\/de\/\"},{\"@type\":\"ListItem\",\"position\":2,\"name\":\"Kontakt\"}]},{\"@type\":\"WebSite\",\"@id\":\"https:\/\/freecross.ch\/#website\",\"url\":\"https:\/\/freecross.ch\/\",\"name\":\"FreeCross\",\"description\":\"Le crosstrainer en toute libert\u00e9\",\"publisher\":{\"@id\":\"https:\/\/freecross.ch\/#organization\"},\"potentialAction\":[{\"@type\":\"SearchAction\",\"target\":{\"@type\":\"EntryPoint\",\"urlTemplate\":\"https:\/\/freecross.ch\/?s={search_term_string}\"},\"query-input\":\"required name=search_term_string\"}],\"inLanguage\":\"de\"},{\"@type\":\"Organization\",\"@id\":\"https:\/\/freecross.ch\/#organization\",\"name\":\"FreeCross\",\"url\":\"https:\/\/freecross.ch\/\",\"sameAs\":[\"https:\/\/www.facebook.com\/FreeCross.suisse\"],\"logo\":{\"@type\":\"ImageObject\",\"inLanguage\":\"de\",\"@id\":\"https:\/\/freecross.ch\/#\/schema\/logo\/image\/\",\"url\":\"https:\/\/cdn.freecross.ch\/wp-content\/uploads\/2018\/08\/static1.squarespace.com_.png\",\"contentUrl\":\"https:\/\/cdn.freecross.ch\/wp-content\/uploads\/2018\/08\/static1.squarespace.com_.png\",\"width\":730,\"height\":114,\"caption\":\"FreeCross\"},\"image\":{\"@id\":\"https:\/\/freecross.ch\/#\/schema\/logo\/image\/\"}}]}<\/script>\n<!-- \/ Yoast SEO plugin. -->","yoast_head_json":{"title":"Kontakt - FreeCross","robots":{"index":"index","follow":"follow","max-snippet":"max-snippet:-1","max-image-preview":"max-image-preview:large","max-video-preview":"max-video-preview:-1"},"canonical":"https:\/\/freecross.ch\/de\/kontakt\/","og_locale":"de_DE","og_type":"article","og_title":"Kontakt - FreeCross","og_description":"Uns schreiben FreeCross Schweiz c\/o Institut de Beaut\u00e9 Akila Route de la Plantay 17 1163 Etoy Tel.: 021 552 02 20 Email: info@freecross.ch","og_url":"https:\/\/freecross.ch\/de\/kontakt\/","og_site_name":"FreeCross","article_publisher":"https:\/\/www.facebook.com\/FreeCross.suisse","article_modified_time":"2018-08-31T10:07:08+00:00","twitter_card":"summary_large_image","twitter_misc":{"Gesch\u00e4tzte Lesezeit":"4\u00a0Minuten"},"schema":{"@context":"https:\/\/schema.org","@graph":[{"@type":"WebPage","@id":"https:\/\/freecross.ch\/de\/kontakt\/","url":"https:\/\/freecross.ch\/de\/kontakt\/","name":"Kontakt - FreeCross","isPartOf":{"@id":"https:\/\/freecross.ch\/#website"},"datePublished":"2018-08-31T10:07:04+00:00","dateModified":"2018-08-31T10:07:08+00:00","breadcrumb":{"@id":"https:\/\/freecross.ch\/de\/kontakt\/#breadcrumb"},"inLanguage":"de","potentialAction":[{"@type":"ReadAction","target":["https:\/\/freecross.ch\/de\/kontakt\/"]}]},{"@type":"BreadcrumbList","@id":"https:\/\/freecross.ch\/de\/kontakt\/#breadcrumb","itemListElement":[{"@type":"ListItem","position":1,"name":"Accueil","item":"https:\/\/freecross.ch\/de\/"},{"@type":"ListItem","position":2,"name":"Kontakt"}]},{"@type":"WebSite","@id":"https:\/\/freecross.ch\/#website","url":"https:\/\/freecross.ch\/","name":"FreeCross","description":"Le crosstrainer en toute libert\u00e9","publisher":{"@id":"https:\/\/freecross.ch\/#organization"},"potentialAction":[{"@type":"SearchAction","target":{"@type":"EntryPoint","urlTemplate":"https:\/\/freecross.ch\/?s={search_term_string}"},"query-input":"required name=search_term_string"}],"inLanguage":"de"},{"@type":"Organization","@id":"https:\/\/freecross.ch\/#organization","name":"FreeCross","url":"https:\/\/freecross.ch\/","sameAs":["https:\/\/www.facebook.com\/FreeCross.suisse"],"logo":{"@type":"ImageObject","inLanguage":"de","@id":"https:\/\/freecross.ch\/#\/schema\/logo\/image\/","url":"https:\/\/cdn.freecross.ch\/wp-content\/uploads\/2018\/08\/static1.squarespace.com_.png","contentUrl":"https:\/\/cdn.freecross.ch\/wp-content\/uploads\/2018\/08\/static1.squarespace.com_.png","width":730,"height":114,"caption":"FreeCross"},"image":{"@id":"https:\/\/freecross.ch\/#\/schema\/logo\/image\/"}}]}},"amp_enabled":true,"_links":{"self":[{"href":"https:\/\/freecross.ch\/de\/wp-json\/wp\/v2\/pages\/656"}],"collection":[{"href":"https:\/\/freecross.ch\/de\/wp-json\/wp\/v2\/pages"}],"about":[{"href":"https:\/\/freecross.ch\/de\/wp-json\/wp\/v2\/types\/page"}],"author":[{"embeddable":true,"href":"https:\/\/freecross.ch\/de\/wp-json\/wp\/v2\/users\/1"}],"replies":[{"embeddable":true,"href":"https:\/\/freecross.ch\/de\/wp-json\/wp\/v2\/comments?post=656"}],"version-history":[{"count":1,"href":"https:\/\/freecross.ch\/de\/wp-json\/wp\/v2\/pages\/656\/revisions"}],"predecessor-version":[{"id":657,"href":"https:\/\/freecross.ch\/de\/wp-json\/wp\/v2\/pages\/656\/revisions\/657"}],"wp:attachment":[{"href":"https:\/\/freecross.ch\/de\/wp-json\/wp\/v2\/media?parent=656"}],"curies":[{"name":"wp","href":"https:\/\/api.w.org\/{rel}","templated":true}]}}