{"id":673,"date":"2018-08-31T12:25:44","date_gmt":"2018-08-31T10:25:44","guid":{"rendered":"https:\/\/freecross.ch\/allgemeinen-geschaftsbedingungen\/"},"modified":"2018-08-31T12:25:47","modified_gmt":"2018-08-31T10:25:47","slug":"allgemeinen-geschaftsbedingungen","status":"publish","type":"page","link":"https:\/\/freecross.ch\/de\/allgemeinen-geschaftsbedingungen\/","title":{"rendered":"Allgemeinen Gesch\u00e4ftsbedingungen"},"content":{"rendered":"<p>[et_pb_section bb_built=&#8220;1&#8243; specialty=&#8220;off&#8220; next_background_color=&#8220;#ffffff&#8220; _builder_version=&#8220;3.12.2&#8243; background_image=&#8220;https:\/\/cdn.freecross.ch\/wp-content\/uploads\/2018\/08\/outdoor1.jpg&#8220; background_position=&#8220;center_left&#8220;][et_pb_row][et_pb_column type=&#8220;4_4&#8243;][et_pb_post_title _builder_version=&#8220;3.12.2&#8243; meta=&#8220;off&#8220; featured_image=&#8220;off&#8220; title_text_color=&#8220;#ffffff&#8220; title_font_size=&#8220;64px&#8220; title_font_size_tablet=&#8220;48px&#8220; title_font_size_last_edited=&#8220;on|tablet&#8220; \/][\/et_pb_column][\/et_pb_row][\/et_pb_section][et_pb_section bb_built=&#8220;1&#8243; prev_background_color=&#8220;#000000&#8243;][et_pb_row][et_pb_column type=&#8220;4_4&#8243;][et_pb_text _builder_version=&#8220;3.12.2&#8243;]<\/p>\n<p>Die Website und der Online-Vertrieb freecross.ch wird von der Firma Institut de Beaut\u00e9 Akila in Etoy, Schweiz, verwaltet.<\/p>\n<p>Jede Bestellung, die f\u00fcr ein Produkt auf der Website freecross.ch erteilt wird, geht von der Beratung und vorherigen Annahme dieser allgemeinen Verkaufsbedingungen aus. Die Validierung eines Auftrages wird den Wert der digitalen Signatur und der Annahme dieser allgemeinen Verkaufsbedingungen haben.<\/p>\n<h2><\/h2>\n<h2>Kontaktdaten<\/h2>\n<p>www.freecross.ch<br \/>\nFreecross (Schweiz)<br \/>\nInstitut de Beaut\u00e9 Akila<br \/>\nRoute de la Plantay 17<br \/>\n1163 Etoy<br \/>\ninfo(at)freecross.ch<\/p>\n<p>Telefon: 021 552 02 20<\/p>\n<h2><\/h2>\n<h2>Objekt<\/h2>\n<p>Der Zweck dieser allgemeinen Verkaufsbedingungen ist es, die gesetzlichen Rechte und Pflichten des Kunden und freecross.ch im Prozess des Verkaufs der auf der Website angebotenen Produkte zu definieren.<\/p>\n<h2><\/h2>\n<h2>Dem Kunden<\/h2>\n<p>Der Kunde erkl\u00e4rt sich zu einer nat\u00fcrlichen Person im gro\u00dfen Alter, die die rechtliche F\u00e4higkeit hat, diese allgemeinen Verkaufsbedingungen zu akzeptieren und eine Bestellung auf der Website zu machen. Er kann auf der Website im Zusammenhang mit seiner Gesch\u00e4ftst\u00e4tigkeit oder zum Zwecke des Weiterverkaufs der bestellten Produkte keinen Kauf t\u00e4tigen. Vergangene Bestellungen sollten auf den rein pers\u00f6nlichen Gebrauch beschr\u00e4nkt sein.<\/p>\n<h2><\/h2>\n<h2>Die Produkte der Website<\/h2>\n<p>Die Produkte, die auf der Website angezeigt werden, werden im Rahmen der von unseren Lieferanten verf\u00fcgbaren Best\u00e4nde angeboten. So ist es m\u00f6glich, dass ein Produkt f\u00fcr einen begrenzten Zeitraum zur Verf\u00fcgung steht, um unseren Vorrat aufzuf\u00fcllen.<\/p>\n<p>Jedes Produkt wird von einer von freecross.ch erstellten Pr\u00e4sentation auf die objektigste Art und Weise begleitet, um den Informationsbedarf des Kunden bestenfalls zu befriedigen.<br \/>\nDie Bilder der Produkte werden so aufbereitet, dass Sie die realen Produkte so genau wie m\u00f6glich respektieren, aber nicht die Genauigkeit der Farben durch die zahlreichen Optionen von Bildschirmen oder Internet-Browsern, die vom Kunden verwendet werden, garantieren.<br \/>\nFehler k\u00f6nnen auf der Website auftreten, und der Client erkennt Sie an und akzeptiert Sie (Beispiel: ein offensichtlicher Fehler auf einem Preis)<\/p>\n<h2><\/h2>\n<h2>Produktgarantie<\/h2>\n<p>Alle Produkte, die auf der freecross.ch-Website verkauft werden, profitieren von der Herstellergarantie.<br \/>\nIm Falle eines Missbrauchs oder einer Vernachl\u00e4ssigung der Produkte durch den Kunden sind alle Garantien ausgeschlossen.<\/p>\n<p>Da es sich nicht um den Hersteller der auf der Website pr\u00e4sentierten Produkte handelt, kann freecross.ch nicht f\u00fcr versteckte M\u00e4ngel verantwortlich gemacht werden, die sich aus einem Mangel am Material, seiner Herstellung und defekten Produkten ergeben, die es untauglich machen.<\/p>\n<p>Im Falle eines Produktes, das einen defekten Zustand darzustellen scheint, m\u00fcssen etwaige Anspr\u00fcche, Umtausch-oder Erstattungsantr\u00e4ge innerhalb von zehn Tagen nach Lieferung an freecross.ch gesendet werden.<\/p>\n<h2><\/h2>\n<h2>Preis der Produkte<\/h2>\n<p>Die Preise werden in Schweizer Franken (FRS oder CHF) angezeigt und die aktuelle Schweizer Mehrwertsteuer ist inbegriffen. Sie enthalten nicht die Lieferkosten an den Kunden, die in die Endabrechnung aufgenommen werden.<br \/>\nDer Gesamtpreis wird in der dem Kunden ausgegebenen Auftragsbest\u00e4tigung angegeben. Es beinhaltet den Preis des Produktes (oder der Produkte), Versandkosten, Handling, Verpackung und Lagerkosten.<\/p>\n<p>Freecross.ch beh\u00e4lt sich das Recht vor, die Preise ohne Vorank\u00fcndigung an den Kunden anzupassen. Die Preise, die auf der Website aufgelistet sind, um ein Produkt zu bestellen, sind die einzigen, die f\u00fcr den K\u00e4ufer gelten, abh\u00e4ngig von der Verf\u00fcgbarkeit der Produkte.<\/p>\n<h2><\/h2>\n<h2>Bestellungen<\/h2>\n<p>Vor der Bestellung wird dem Kunden die wesentlichen Eigenschaften der Produkte und deren Preise bekannt sein. Sie bleibt alleiniger Richter \u00fcber die Kompatibilit\u00e4t der bestellten Produkte und deren Einsatzf\u00e4higkeit.<\/p>\n<p>W\u00e4hrend des Bestellvorgangs informiert die Seite den Kunden \u00fcber die Verf\u00fcgbarkeit der Produkte. Die Validierung eines Auftrages garantiert die Verf\u00fcgbarkeit und Lieferung innerhalb von zehn Tagen nach der vom Kunden gew\u00e4hlten Art der Lieferung.<br \/>\nDie auf der Website bestellten Produkte folgen dem Verfahren, das von freecross.ch nach einer Reihe von Schritten eingerichtet wurde, die der Kunde zu beachten hat, um seine Bestellung zu best\u00e4tigen.<\/p>\n<p>Dazu geh\u00f6ren:<\/p>\n<ul>\n<li>F\u00fcllen Sie die Seite auf Ihren Namen, Vornamen, e-Mail-Adresse und Lieferadresse der Bestellung aus<\/li>\n<li>Informieren Sie die Website \u00fcber die Liefermethode<\/li>\n<li>F\u00fcllen Sie die Zahlungsmethode Website<\/li>\n<li>F\u00fcllen Sie die Website mit den Details der Kreditkarte verwendet<\/li>\n<li>Vergewissern Sie sich, dass Ihr letzter Warenkorb mit dem \u00fcbereinstimmt, was Sie bestellen m\u00f6chten<\/li>\n<li>Allgemeine Verkaufsbedingungen akzeptieren<\/li>\n<li>Ihre Bestellung best\u00e4tigen<\/li>\n<\/ul>\n<p>Die Validierung eines Auftrages wird den digitalen Unterschriften Wert und die Akzeptanz der durchgef\u00fchrten Operationen haben. freecross.ch wird die Bestellung an den Kunden unter der vom Kunden kommunizierten e-Mail-Adresse best\u00e4tigen.<br \/>\nDennoch beh\u00e4lt sich freecross.ch das Recht vor, alle Bestellungen eines Kunden zu stornieren, mit dem es zuvor einen Streit \u00fcber die Zahlung einer Bestellung oder f\u00fcr einen Kunden, dessen Informationen auf der Website hinterlegt waren, inkoh\u00e4rent erscheinen k\u00f6nnte.<\/p>\n<h2><\/h2>\n<h2>Zahlungen<\/h2>\n<p>Die Bezahlung der Produkte erfolgt bei der Validierung der Bestellung.<\/p>\n<p>Die Bezahlung erfolgt per Karten-oder Bank\u00fcberweisung in Schweizer Franken und unterliegt einem Sicherheitssystem nach dem PCI DSS-Standard.<br \/>\nFreecross.ch akzeptiert Visa und MasterCard-Zahlungen sowie Bank\u00fcberweisungen. Freecross.ch akzeptieren keine andere Zahlungsart auf der Website. Die Bestellungen werden nach Erhalt der gesamten Zahlung bearbeitet.<br \/>\nBei der Bestellung muss der Kunde die Nummer seiner Kreditkarte, sein G\u00fcltigkeitsdatum und den Sicherheitscode in dem daf\u00fcr vorgesehenen Bereich angeben. Die vom System aufgezeichneten Transaktionsdaten belegen, dass die Bestellung bestanden wurde.<\/p>\n<h2><\/h2>\n<h2>Lieferungen<\/h2>\n<p>Lieferungen erfolgen nur auf Schweizer Territorium.<br \/>\nDie Bestellungen werden an die vom Kunden an die Bestellung kommunizierte Adresse geliefert. Damit die Lieferzeiten eingehalten werden k\u00f6nnen, muss der Kunde sicherstellen, dass er eine genaue und vollst\u00e4ndige Adresse kommuniziert.<\/p>\n<p>Die Lieferung erfolgt durch die Schweizer Post und\/oder durch den privaten Spediteur f\u00fcr Crosstrainer.<br \/>\nDie auf der Website angegebenen Lieferzeiten sind indikative Fristen.<br \/>\nEs kann vorkommen, dass sich ein Produkt in einem anderen bestand befindet als dem, aus dem das Paket gesendet wird. Die endg\u00fcltige Lieferzeit des Pakets beinhaltet dann die Zeit, um das Produkt in den Hauptbestand und die normale Lieferzeit zur\u00fcckzugeben.<br \/>\nFreecross.ch haftet nicht f\u00fcr eine Lieferverz\u00f6gerung, sobald die Pakete unseren Bestand verlassen haben.<\/p>\n<p>Der Kunde hat die folgende Auswahl an liefermodi:<\/p>\n<ul>\n<li>PostPac Economy<\/li>\n<li>R\u00fcckzug bei etoy<\/li>\n<\/ul>\n<p>Die H\u00f6he der Versandkosten wird auf der Bestellseite angezeigt.<\/p>\n<h2><\/h2>\n<h2>Lieferempfang<\/h2>\n<p>Die Pakete werden dem Kunden von Montag bis Freitag w\u00e4hrend der Lieferzeiten der Post und\/oder des privaten Bef\u00f6rderungsunternehmens zugestellt.<br \/>\nIm Falle einer Lieferung, w\u00e4hrend der Kunde nicht zu Hause anwesend ist, wird der Postbote eine &#8222;Aufforderung zur R\u00fccknahme einer Sendung&#8220; im Briefkasten des Kunden einreichen. Der Kunde muss dann sein Paket an die auf der Karte angegebene Post zur\u00fcckziehen oder sich an die Post wenden, um sein Paket wieder liefern zu lassen.<\/p>\n<h2><\/h2>\n<h2>Problem mit der Lieferung<\/h2>\n<p>Im Falle eines Paketes, das besch\u00e4digt ankommt-i. e. Paket offen, zerrissen oder besch\u00e4digt-, muss der Kunde es dem Postbote unverz\u00fcglich melden und gegebenenfalls das Paket verweigern. Ein neues Paket wird dann kostenlos an den Kunden geschickt, abh\u00e4ngig von der Verf\u00fcgbarkeit dieses Produktes.<\/p>\n<p>Im Falle eines Pakets, das nicht das richtige Produkt enth\u00e4lt, muss sich der Kunde am selben Tag der Lieferung oder am ersten Werktag nach der Lieferung mit freecross.ch in Verbindung setzen, um per e-Mail oder telefonisch den Fehler in der Bestellung zu melden.<br \/>\n\u00dcber diesen Zeitraum hinaus ist es dem Kunden nicht mehr m\u00f6glich, bei der Bestellung einen Anspruch geltend zu machen und freecross.ch von jeglicher Verantwortung f\u00fcr die \u00c4nderung dieser Bestellung zu befreien.<\/p>\n<p>F\u00fcr ein Paket, das nicht den richtigen Artikel enth\u00e4lt, liegt es in der Verantwortung des Kunden, dieses Paket zur\u00fcckzugeben, vorbehaltlich der vorherigen Zustimmung von freecross.ch. Die Versandkosten werden unterst\u00fctzt von freecross.ch<\/p>\n<p>Wenn der Kunde ein Paket aus einem anderen Grund ablehnen m\u00f6chte, muss er es schriftlich an freecross.ch am Tag der Lieferung rechtfertigen.<\/p>\n<h2><\/h2>\n<h2>Recht auf Stornierung<\/h2>\n<p>Der Kunde hat eine Frist von 10 freien Tagen ab dem Eingang der Lieferung, um eine R\u00fcckgabe des Pakets \u2013 auf seine Kosten zu machen \u2013 wenn die Produkte nicht zu ihm passen.<br \/>\nDer Kunde muss sich mit freecross.ch in Verbindung setzen, um die R\u00fcckgabe der Ware zu informieren.<\/p>\n<p>Die zur\u00fcckgesandten Produkte m\u00fcssen neu und in ihrer Originalverpackung sein, nicht getragen, unvertragen, ungewaschen, unver\u00e4ndert und unbesch\u00e4digt, ohne jegliche Spur von Gebrauch. Alle Accessoires, Anleitungen oder andere Dokumentationen, die dieses Produkt begleiten, m\u00fcssen ebenfalls im Paket enthalten sein.<\/p>\n<p>Im Falle der Stornierung und R\u00fcckgabe der Ware durch den Kunden erstattet freecross.ch dem Kunden innerhalb von 30 Tagen nach Erhalt der Ware den Wert dieser Produkte, abz\u00fcglich der Lieferkosten.<\/p>\n<h2><\/h2>\n<h2>Streitigkeiten<\/h2>\n<p>Die allgemeinen Verkaufsbedingungen von freecross.ch unterliegen schweizerischem Recht.<br \/>\nFreecross.ch kann nicht f\u00fcr Sch\u00e4den jeglicher Art haftbar gemacht werden, egal ob materiell oder immateriell oder k\u00f6rperlich, die sich aus einer St\u00f6rung oder einem Missbrauch der auf der Website verkauften Produkte ergeben. Gleiches gilt f\u00fcr Produkt\u00e4nderungen seitens der Hersteller.<br \/>\nDie Haftung von freecross. ch ist auf die H\u00f6he der Bestellung beschr\u00e4nkt.<br \/>\nIn Ermangelung der allgemeinen Verkaufsbedingungen, die nach schweizerischem Recht geregelt sind, sind nur die Schweizer Gerichte zust\u00e4ndig.<\/p>\n<h2><\/h2>\n<h2>Gerichtsstand<\/h2>\n<p>Alle Streitigkeiten im Zusammenhang mit dem Verkauf unterliegen schweizerischem Recht vor dem Handelsgericht von Morges.<\/p>\n<h2><\/h2>\n<h2>Schutz personenbezogener Daten<\/h2>\n<p>F\u00fcr die Auftragsabwicklung und Abrechnung sind alle von freecross.ch erhobenen pers\u00f6nlichen Daten des Kunden erforderlich. In \u00dcbereinstimmung mit der Privatsph\u00e4re des Kunden werden diese Daten nicht an Dritte weitergegeben, au\u00dfer an unsere Diensteanbieter.<\/p>\n<p>Auf schriftliche Anfrage hat der Kunde ein Recht auf Zugang, \u00c4nderung, Berichtigung oder L\u00f6schung der von der Website erhobenen Daten und dar\u00fcber.<\/p>\n<p>www.freecross.ch<br \/>\ninfo(at)freecross.ch<\/p>\n<p>[\/et_pb_text][et_pb_divider _builder_version=&#8220;3.12.2&#8243; show_divider=&#8220;off&#8220; \/][\/et_pb_column][\/et_pb_row][\/et_pb_section]<\/p>\n","protected":false},"excerpt":{"rendered":"<p><div class=\"et_pb_row et_pb_row_0 et_pb_row_empty\">\n\t\t\t\t\n\t\t\t\t\n\t\t\t\t\n\t\t\t\t\n\t\t\t\t\n\t\t\t<\/div><div class=\"et_pb_row et_pb_row_1 et_pb_row_empty\">\n\t\t\t\t\n\t\t\t\t\n\t\t\t\t\n\t\t\t\t\n\t\t\t\t\n\t\t\t<\/div> Die Website und der Online-Vertrieb freecross.ch wird von der Firma Institut de Beaut\u00e9 Akila in Etoy, Schweiz, verwaltet. Jede Bestellung, die f\u00fcr ein Produkt auf der Website freecross.ch erteilt wird, geht von der Beratung und vorherigen Annahme dieser allgemeinen Verkaufsbedingungen aus. Die Validierung eines Auftrages wird den Wert der digitalen Signatur und der Annahme [&hellip;]<\/p>\n","protected":false},"author":1,"featured_media":0,"parent":0,"menu_order":0,"comment_status":"closed","ping_status":"open","template":"","meta":{"_et_pb_use_builder":"on","_et_pb_old_content":"<h2>Who we are<\/h2><p>Our website address is: https:\/\/freecross.ch.<\/p><h2>What personal data we collect and why we collect it<\/h2><h3>Comments<\/h3><p>When visitors leave comments on the site we collect the data shown in the comments form, and also the visitor\u2019s IP address and browser user agent string to help spam detection.<\/p><p>An anonymized string created from your email address (also called a hash) may be provided to the Gravatar service to see if you are using it. The Gravatar service privacy policy is available here: https:\/\/automattic.com\/privacy\/. After approval of your comment, your profile picture is visible to the public in the context of your comment.<\/p><h3>Media<\/h3><p>If you upload images to the website, you should avoid uploading images with embedded location data (EXIF GPS) included. Visitors to the website can download and extract any location data from images on the website.<\/p><h3>Contact forms<\/h3><h3>Cookies<\/h3><p>If you leave a comment on our site you may opt-in to saving your name, email address and website in cookies. These are for your convenience so that you do not have to fill in your details again when you leave another comment. These cookies will last for one year.<\/p><p>If you have an account and you log in to this site, we will set a temporary cookie to determine if your browser accepts cookies. This cookie contains no personal data and is discarded when you close your browser.<\/p><p>When you log in, we will also set up several cookies to save your login information and your screen display choices. Login cookies last for two days, and screen options cookies last for a year. If you select \"Remember Me\", your login will persist for two weeks. If you log out of your account, the login cookies will be removed.<\/p><p>If you edit or publish an article, an additional cookie will be saved in your browser. This cookie includes no personal data and simply indicates the post ID of the article you just edited. It expires after 1 day.<\/p><h3>Embedded content from other websites<\/h3><p>Articles on this site may include embedded content (e.g. videos, images, articles, etc.). Embedded content from other websites behaves in the exact same way as if the visitor has visited the other website.<\/p><p>These websites may collect data about you, use cookies, embed additional third-party tracking, and monitor your interaction with that embedded content, including tracking your interaction with the embedded content if you have an account and are logged in to that website.<\/p><h3>Analytics<\/h3><h2>Who we share your data with<\/h2><h2>How long we retain your data<\/h2><p>If you leave a comment, the comment and its metadata are retained indefinitely. This is so we can recognize and approve any follow-up comments automatically instead of holding them in a moderation queue.<\/p><p>For users that register on our website (if any), we also store the personal information they provide in their user profile. All users can see, edit, or delete their personal information at any time (except they cannot change their username). Website administrators can also see and edit that information.<\/p><h2>What rights you have over your data<\/h2><p>If you have an account on this site, or have left comments, you can request to receive an exported file of the personal data we hold about you, including any data you have provided to us. You can also request that we erase any personal data we hold about you. This does not include any data we are obliged to keep for administrative, legal, or security purposes.<\/p><h2>Where we send your data<\/h2><p>Visitor comments may be checked through an automated spam detection service.<\/p><h2>Your contact information<\/h2><h2>Additional information<\/h2><h3>How we protect your data<\/h3><h3>What data breach procedures we have in place<\/h3><h3>What third parties we receive data from<\/h3><h3>What automated decision making and\/or profiling we do with user data<\/h3><h3>Industry regulatory disclosure requirements<\/h3>","_et_gb_content_width":"","_monsterinsights_skip_tracking":false,"_monsterinsights_sitenote_active":false,"_monsterinsights_sitenote_note":"","_monsterinsights_sitenote_category":0},"yoast_head":"<!-- This site is optimized with the Yoast SEO plugin v19.6 - https:\/\/yoast.com\/wordpress\/plugins\/seo\/ -->\n<title>Allgemeinen Gesch\u00e4ftsbedingungen - FreeCross<\/title>\n<meta name=\"robots\" content=\"index, follow, max-snippet:-1, max-image-preview:large, max-video-preview:-1\" \/>\n<link rel=\"canonical\" href=\"https:\/\/freecross.ch\/de\/allgemeinen-geschaftsbedingungen\/\" \/>\n<meta property=\"og:locale\" content=\"de_DE\" \/>\n<meta property=\"og:type\" content=\"article\" \/>\n<meta property=\"og:title\" content=\"Allgemeinen Gesch\u00e4ftsbedingungen - FreeCross\" \/>\n<meta property=\"og:description\" content=\"Die Website und der Online-Vertrieb freecross.ch wird von der Firma Institut de Beaut\u00e9 Akila in Etoy, Schweiz, verwaltet. Jede Bestellung, die f\u00fcr ein Produkt auf der Website freecross.ch erteilt wird, geht von der Beratung und vorherigen Annahme dieser allgemeinen Verkaufsbedingungen aus. Die Validierung eines Auftrages wird den Wert der digitalen Signatur und der Annahme [&hellip;]\" \/>\n<meta property=\"og:url\" content=\"https:\/\/freecross.ch\/de\/allgemeinen-geschaftsbedingungen\/\" \/>\n<meta property=\"og:site_name\" content=\"FreeCross\" \/>\n<meta property=\"article:publisher\" content=\"https:\/\/www.facebook.com\/FreeCross.suisse\" \/>\n<meta property=\"article:modified_time\" content=\"2018-08-31T10:25:47+00:00\" \/>\n<meta name=\"twitter:card\" content=\"summary_large_image\" \/>\n<meta name=\"twitter:label1\" content=\"Gesch\u00e4tzte Lesezeit\" \/>\n\t<meta name=\"twitter:data1\" content=\"8\u00a0Minuten\" \/>\n<script type=\"application\/ld+json\" class=\"yoast-schema-graph\">{\"@context\":\"https:\/\/schema.org\",\"@graph\":[{\"@type\":\"WebPage\",\"@id\":\"https:\/\/freecross.ch\/de\/allgemeinen-geschaftsbedingungen\/\",\"url\":\"https:\/\/freecross.ch\/de\/allgemeinen-geschaftsbedingungen\/\",\"name\":\"Allgemeinen Gesch\u00e4ftsbedingungen - FreeCross\",\"isPartOf\":{\"@id\":\"https:\/\/freecross.ch\/#website\"},\"datePublished\":\"2018-08-31T10:25:44+00:00\",\"dateModified\":\"2018-08-31T10:25:47+00:00\",\"breadcrumb\":{\"@id\":\"https:\/\/freecross.ch\/de\/allgemeinen-geschaftsbedingungen\/#breadcrumb\"},\"inLanguage\":\"de\",\"potentialAction\":[{\"@type\":\"ReadAction\",\"target\":[\"https:\/\/freecross.ch\/de\/allgemeinen-geschaftsbedingungen\/\"]}]},{\"@type\":\"BreadcrumbList\",\"@id\":\"https:\/\/freecross.ch\/de\/allgemeinen-geschaftsbedingungen\/#breadcrumb\",\"itemListElement\":[{\"@type\":\"ListItem\",\"position\":1,\"name\":\"Accueil\",\"item\":\"https:\/\/freecross.ch\/de\/\"},{\"@type\":\"ListItem\",\"position\":2,\"name\":\"Allgemeinen Gesch\u00e4ftsbedingungen\"}]},{\"@type\":\"WebSite\",\"@id\":\"https:\/\/freecross.ch\/#website\",\"url\":\"https:\/\/freecross.ch\/\",\"name\":\"FreeCross\",\"description\":\"Le crosstrainer en toute libert\u00e9\",\"publisher\":{\"@id\":\"https:\/\/freecross.ch\/#organization\"},\"potentialAction\":[{\"@type\":\"SearchAction\",\"target\":{\"@type\":\"EntryPoint\",\"urlTemplate\":\"https:\/\/freecross.ch\/?s={search_term_string}\"},\"query-input\":\"required name=search_term_string\"}],\"inLanguage\":\"de\"},{\"@type\":\"Organization\",\"@id\":\"https:\/\/freecross.ch\/#organization\",\"name\":\"FreeCross\",\"url\":\"https:\/\/freecross.ch\/\",\"sameAs\":[\"https:\/\/www.facebook.com\/FreeCross.suisse\"],\"logo\":{\"@type\":\"ImageObject\",\"inLanguage\":\"de\",\"@id\":\"https:\/\/freecross.ch\/#\/schema\/logo\/image\/\",\"url\":\"https:\/\/cdn.freecross.ch\/wp-content\/uploads\/2018\/08\/static1.squarespace.com_.png\",\"contentUrl\":\"https:\/\/cdn.freecross.ch\/wp-content\/uploads\/2018\/08\/static1.squarespace.com_.png\",\"width\":730,\"height\":114,\"caption\":\"FreeCross\"},\"image\":{\"@id\":\"https:\/\/freecross.ch\/#\/schema\/logo\/image\/\"}}]}<\/script>\n<!-- \/ Yoast SEO plugin. -->","yoast_head_json":{"title":"Allgemeinen Gesch\u00e4ftsbedingungen - FreeCross","robots":{"index":"index","follow":"follow","max-snippet":"max-snippet:-1","max-image-preview":"max-image-preview:large","max-video-preview":"max-video-preview:-1"},"canonical":"https:\/\/freecross.ch\/de\/allgemeinen-geschaftsbedingungen\/","og_locale":"de_DE","og_type":"article","og_title":"Allgemeinen Gesch\u00e4ftsbedingungen - FreeCross","og_description":"Die Website und der Online-Vertrieb freecross.ch wird von der Firma Institut de Beaut\u00e9 Akila in Etoy, Schweiz, verwaltet. Jede Bestellung, die f\u00fcr ein Produkt auf der Website freecross.ch erteilt wird, geht von der Beratung und vorherigen Annahme dieser allgemeinen Verkaufsbedingungen aus. Die Validierung eines Auftrages wird den Wert der digitalen Signatur und der Annahme [&hellip;]","og_url":"https:\/\/freecross.ch\/de\/allgemeinen-geschaftsbedingungen\/","og_site_name":"FreeCross","article_publisher":"https:\/\/www.facebook.com\/FreeCross.suisse","article_modified_time":"2018-08-31T10:25:47+00:00","twitter_card":"summary_large_image","twitter_misc":{"Gesch\u00e4tzte Lesezeit":"8\u00a0Minuten"},"schema":{"@context":"https:\/\/schema.org","@graph":[{"@type":"WebPage","@id":"https:\/\/freecross.ch\/de\/allgemeinen-geschaftsbedingungen\/","url":"https:\/\/freecross.ch\/de\/allgemeinen-geschaftsbedingungen\/","name":"Allgemeinen Gesch\u00e4ftsbedingungen - FreeCross","isPartOf":{"@id":"https:\/\/freecross.ch\/#website"},"datePublished":"2018-08-31T10:25:44+00:00","dateModified":"2018-08-31T10:25:47+00:00","breadcrumb":{"@id":"https:\/\/freecross.ch\/de\/allgemeinen-geschaftsbedingungen\/#breadcrumb"},"inLanguage":"de","potentialAction":[{"@type":"ReadAction","target":["https:\/\/freecross.ch\/de\/allgemeinen-geschaftsbedingungen\/"]}]},{"@type":"BreadcrumbList","@id":"https:\/\/freecross.ch\/de\/allgemeinen-geschaftsbedingungen\/#breadcrumb","itemListElement":[{"@type":"ListItem","position":1,"name":"Accueil","item":"https:\/\/freecross.ch\/de\/"},{"@type":"ListItem","position":2,"name":"Allgemeinen Gesch\u00e4ftsbedingungen"}]},{"@type":"WebSite","@id":"https:\/\/freecross.ch\/#website","url":"https:\/\/freecross.ch\/","name":"FreeCross","description":"Le crosstrainer en toute libert\u00e9","publisher":{"@id":"https:\/\/freecross.ch\/#organization"},"potentialAction":[{"@type":"SearchAction","target":{"@type":"EntryPoint","urlTemplate":"https:\/\/freecross.ch\/?s={search_term_string}"},"query-input":"required name=search_term_string"}],"inLanguage":"de"},{"@type":"Organization","@id":"https:\/\/freecross.ch\/#organization","name":"FreeCross","url":"https:\/\/freecross.ch\/","sameAs":["https:\/\/www.facebook.com\/FreeCross.suisse"],"logo":{"@type":"ImageObject","inLanguage":"de","@id":"https:\/\/freecross.ch\/#\/schema\/logo\/image\/","url":"https:\/\/cdn.freecross.ch\/wp-content\/uploads\/2018\/08\/static1.squarespace.com_.png","contentUrl":"https:\/\/cdn.freecross.ch\/wp-content\/uploads\/2018\/08\/static1.squarespace.com_.png","width":730,"height":114,"caption":"FreeCross"},"image":{"@id":"https:\/\/freecross.ch\/#\/schema\/logo\/image\/"}}]}},"amp_enabled":true,"_links":{"self":[{"href":"https:\/\/freecross.ch\/de\/wp-json\/wp\/v2\/pages\/673"}],"collection":[{"href":"https:\/\/freecross.ch\/de\/wp-json\/wp\/v2\/pages"}],"about":[{"href":"https:\/\/freecross.ch\/de\/wp-json\/wp\/v2\/types\/page"}],"author":[{"embeddable":true,"href":"https:\/\/freecross.ch\/de\/wp-json\/wp\/v2\/users\/1"}],"replies":[{"embeddable":true,"href":"https:\/\/freecross.ch\/de\/wp-json\/wp\/v2\/comments?post=673"}],"version-history":[{"count":1,"href":"https:\/\/freecross.ch\/de\/wp-json\/wp\/v2\/pages\/673\/revisions"}],"predecessor-version":[{"id":674,"href":"https:\/\/freecross.ch\/de\/wp-json\/wp\/v2\/pages\/673\/revisions\/674"}],"wp:attachment":[{"href":"https:\/\/freecross.ch\/de\/wp-json\/wp\/v2\/media?parent=673"}],"curies":[{"name":"wp","href":"https:\/\/api.w.org\/{rel}","templated":true}]}}