{"id":624,"date":"2018-08-24T09:44:21","date_gmt":"2018-08-24T07:44:21","guid":{"rendered":"https:\/\/freecross.ch\/produit\/gepacktrager\/"},"modified":"2022-08-17T09:38:05","modified_gmt":"2022-08-17T07:38:05","slug":"gepacktrager","status":"publish","type":"product","link":"https:\/\/freecross.ch\/de\/produkte\/gepacktrager\/","title":{"rendered":"Gep\u00e4cktr\u00e4ger"},"content":{"rendered":"<p>Gep\u00e4cktr\u00e4ger Thule Tour Rack zur Befestigung \u00fcber dem Hinterrad<\/p>\n","protected":false},"excerpt":{"rendered":"<p>Gep\u00e4cktr\u00e4ger Thule Tour Rack zur Befestigung \u00fcber dem Hinterrad<\/p>\n","protected":false},"featured_media":625,"comment_status":"open","ping_status":"closed","template":"","meta":{"_et_pb_use_builder":"off","_et_pb_old_content":"<p>Capot complet avec mat\u00e9riel de montage<\/p>","_et_gb_content_width":"","_monsterinsights_skip_tracking":false,"_monsterinsights_sitenote_active":false,"_monsterinsights_sitenote_note":"","_monsterinsights_sitenote_category":0},"product_cat":[33],"product_tag":[],"yoast_head":"<!-- This site is optimized with the Yoast SEO plugin v19.6 - https:\/\/yoast.com\/wordpress\/plugins\/seo\/ -->\n<title>Gep\u00e4cktr\u00e4ger - FreeCross<\/title>\n<meta name=\"robots\" content=\"index, follow, max-snippet:-1, max-image-preview:large, max-video-preview:-1\" \/>\n<link rel=\"canonical\" href=\"https:\/\/freecross.ch\/de\/produkte\/gepacktrager\/\" \/>\n<meta property=\"og:locale\" content=\"de_DE\" \/>\n<meta property=\"og:type\" content=\"article\" \/>\n<meta property=\"og:title\" content=\"Gep\u00e4cktr\u00e4ger - FreeCross\" \/>\n<meta property=\"og:description\" content=\"Gep\u00e4cktr\u00e4ger Thule Tour Rack zur Befestigung \u00fcber dem Hinterrad\" \/>\n<meta property=\"og:url\" content=\"https:\/\/freecross.ch\/de\/produkte\/gepacktrager\/\" \/>\n<meta property=\"og:site_name\" content=\"FreeCross\" \/>\n<meta property=\"article:publisher\" content=\"https:\/\/www.facebook.com\/FreeCross.suisse\" \/>\n<meta property=\"article:modified_time\" content=\"2022-08-17T07:38:05+00:00\" \/>\n<meta property=\"og:image\" content=\"https:\/\/cdn.freecross.ch\/wp-content\/uploads\/2018\/08\/porte-bagage.jpg\" \/>\n\t<meta property=\"og:image:width\" content=\"2500\" \/>\n\t<meta property=\"og:image:height\" content=\"1667\" \/>\n\t<meta property=\"og:image:type\" content=\"image\/jpeg\" \/>\n<meta name=\"twitter:card\" content=\"summary_large_image\" \/>\n<script type=\"application\/ld+json\" class=\"yoast-schema-graph\">{\"@context\":\"https:\/\/schema.org\",\"@graph\":[{\"@type\":\"WebPage\",\"@id\":\"https:\/\/freecross.ch\/de\/produkte\/gepacktrager\/\",\"url\":\"https:\/\/freecross.ch\/de\/produkte\/gepacktrager\/\",\"name\":\"Gep\u00e4cktr\u00e4ger - FreeCross\",\"isPartOf\":{\"@id\":\"https:\/\/freecross.ch\/#website\"},\"datePublished\":\"2018-08-24T07:44:21+00:00\",\"dateModified\":\"2022-08-17T07:38:05+00:00\",\"breadcrumb\":{\"@id\":\"https:\/\/freecross.ch\/de\/produkte\/gepacktrager\/#breadcrumb\"},\"inLanguage\":\"de\",\"potentialAction\":[{\"@type\":\"ReadAction\",\"target\":[\"https:\/\/freecross.ch\/de\/produkte\/gepacktrager\/\"]}]},{\"@type\":\"BreadcrumbList\",\"@id\":\"https:\/\/freecross.ch\/de\/produkte\/gepacktrager\/#breadcrumb\",\"itemListElement\":[{\"@type\":\"ListItem\",\"position\":1,\"name\":\"Accueil\",\"item\":\"https:\/\/freecross.ch\/de\/\"},{\"@type\":\"ListItem\",\"position\":2,\"name\":\"Shop\",\"item\":\"https:\/\/freecross.ch\/de\/shop\/\"},{\"@type\":\"ListItem\",\"position\":3,\"name\":\"Gep\u00e4cktr\u00e4ger\"}]},{\"@type\":\"WebSite\",\"@id\":\"https:\/\/freecross.ch\/#website\",\"url\":\"https:\/\/freecross.ch\/\",\"name\":\"FreeCross\",\"description\":\"Le crosstrainer en toute libert\u00e9\",\"publisher\":{\"@id\":\"https:\/\/freecross.ch\/#organization\"},\"potentialAction\":[{\"@type\":\"SearchAction\",\"target\":{\"@type\":\"EntryPoint\",\"urlTemplate\":\"https:\/\/freecross.ch\/?s={search_term_string}\"},\"query-input\":\"required name=search_term_string\"}],\"inLanguage\":\"de\"},{\"@type\":\"Organization\",\"@id\":\"https:\/\/freecross.ch\/#organization\",\"name\":\"FreeCross\",\"url\":\"https:\/\/freecross.ch\/\",\"sameAs\":[\"https:\/\/www.facebook.com\/FreeCross.suisse\"],\"logo\":{\"@type\":\"ImageObject\",\"inLanguage\":\"de\",\"@id\":\"https:\/\/freecross.ch\/#\/schema\/logo\/image\/\",\"url\":\"https:\/\/cdn.freecross.ch\/wp-content\/uploads\/2018\/08\/static1.squarespace.com_.png\",\"contentUrl\":\"https:\/\/cdn.freecross.ch\/wp-content\/uploads\/2018\/08\/static1.squarespace.com_.png\",\"width\":730,\"height\":114,\"caption\":\"FreeCross\"},\"image\":{\"@id\":\"https:\/\/freecross.ch\/#\/schema\/logo\/image\/\"}}]}<\/script>\n<!-- \/ Yoast SEO plugin. -->","yoast_head_json":{"title":"Gep\u00e4cktr\u00e4ger - FreeCross","robots":{"index":"index","follow":"follow","max-snippet":"max-snippet:-1","max-image-preview":"max-image-preview:large","max-video-preview":"max-video-preview:-1"},"canonical":"https:\/\/freecross.ch\/de\/produkte\/gepacktrager\/","og_locale":"de_DE","og_type":"article","og_title":"Gep\u00e4cktr\u00e4ger - FreeCross","og_description":"Gep\u00e4cktr\u00e4ger Thule Tour Rack zur Befestigung \u00fcber dem Hinterrad","og_url":"https:\/\/freecross.ch\/de\/produkte\/gepacktrager\/","og_site_name":"FreeCross","article_publisher":"https:\/\/www.facebook.com\/FreeCross.suisse","article_modified_time":"2022-08-17T07:38:05+00:00","og_image":[{"width":2500,"height":1667,"url":"https:\/\/cdn.freecross.ch\/wp-content\/uploads\/2018\/08\/porte-bagage.jpg","type":"image\/jpeg"}],"twitter_card":"summary_large_image","schema":{"@context":"https:\/\/schema.org","@graph":[{"@type":"WebPage","@id":"https:\/\/freecross.ch\/de\/produkte\/gepacktrager\/","url":"https:\/\/freecross.ch\/de\/produkte\/gepacktrager\/","name":"Gep\u00e4cktr\u00e4ger - FreeCross","isPartOf":{"@id":"https:\/\/freecross.ch\/#website"},"datePublished":"2018-08-24T07:44:21+00:00","dateModified":"2022-08-17T07:38:05+00:00","breadcrumb":{"@id":"https:\/\/freecross.ch\/de\/produkte\/gepacktrager\/#breadcrumb"},"inLanguage":"de","potentialAction":[{"@type":"ReadAction","target":["https:\/\/freecross.ch\/de\/produkte\/gepacktrager\/"]}]},{"@type":"BreadcrumbList","@id":"https:\/\/freecross.ch\/de\/produkte\/gepacktrager\/#breadcrumb","itemListElement":[{"@type":"ListItem","position":1,"name":"Accueil","item":"https:\/\/freecross.ch\/de\/"},{"@type":"ListItem","position":2,"name":"Shop","item":"https:\/\/freecross.ch\/de\/shop\/"},{"@type":"ListItem","position":3,"name":"Gep\u00e4cktr\u00e4ger"}]},{"@type":"WebSite","@id":"https:\/\/freecross.ch\/#website","url":"https:\/\/freecross.ch\/","name":"FreeCross","description":"Le crosstrainer en toute libert\u00e9","publisher":{"@id":"https:\/\/freecross.ch\/#organization"},"potentialAction":[{"@type":"SearchAction","target":{"@type":"EntryPoint","urlTemplate":"https:\/\/freecross.ch\/?s={search_term_string}"},"query-input":"required name=search_term_string"}],"inLanguage":"de"},{"@type":"Organization","@id":"https:\/\/freecross.ch\/#organization","name":"FreeCross","url":"https:\/\/freecross.ch\/","sameAs":["https:\/\/www.facebook.com\/FreeCross.suisse"],"logo":{"@type":"ImageObject","inLanguage":"de","@id":"https:\/\/freecross.ch\/#\/schema\/logo\/image\/","url":"https:\/\/cdn.freecross.ch\/wp-content\/uploads\/2018\/08\/static1.squarespace.com_.png","contentUrl":"https:\/\/cdn.freecross.ch\/wp-content\/uploads\/2018\/08\/static1.squarespace.com_.png","width":730,"height":114,"caption":"FreeCross"},"image":{"@id":"https:\/\/freecross.ch\/#\/schema\/logo\/image\/"}}]}},"amp_enabled":true,"_links":{"self":[{"href":"https:\/\/freecross.ch\/de\/wp-json\/wp\/v2\/product\/624"}],"collection":[{"href":"https:\/\/freecross.ch\/de\/wp-json\/wp\/v2\/product"}],"about":[{"href":"https:\/\/freecross.ch\/de\/wp-json\/wp\/v2\/types\/product"}],"replies":[{"embeddable":true,"href":"https:\/\/freecross.ch\/de\/wp-json\/wp\/v2\/comments?post=624"}],"wp:featuredmedia":[{"embeddable":true,"href":"https:\/\/freecross.ch\/de\/wp-json\/wp\/v2\/media\/625"}],"wp:attachment":[{"href":"https:\/\/freecross.ch\/de\/wp-json\/wp\/v2\/media?parent=624"}],"wp:term":[{"taxonomy":"product_cat","embeddable":true,"href":"https:\/\/freecross.ch\/de\/wp-json\/wp\/v2\/product_cat?post=624"},{"taxonomy":"product_tag","embeddable":true,"href":"https:\/\/freecross.ch\/de\/wp-json\/wp\/v2\/product_tag?post=624"}],"curies":[{"name":"wp","href":"https:\/\/api.w.org\/{rel}","templated":true}]}}